{"id":908,"date":"2021-09-17T08:01:35","date_gmt":"2021-09-17T06:01:35","guid":{"rendered":"https:\/\/www.perfectible.de\/?page_id=908"},"modified":"2021-09-17T08:11:17","modified_gmt":"2021-09-17T06:11:17","slug":"du-oder-sie","status":"publish","type":"page","link":"https:\/\/www.perfectible.de\/index.php\/du-oder-sie\/","title":{"rendered":"Ich, Du, Sie, wir \u2013 es ist kompliziert!"},"content":{"rendered":"\t\t<div data-elementor-type=\"wp-page\" data-elementor-id=\"908\" class=\"elementor elementor-908\">\n\t\t\t\t\t\t<div class=\"elementor-inner\">\n\t\t\t\t<div class=\"elementor-section-wrap\">\n\t\t\t\t\t\t\t\t\t<section class=\"elementor-section elementor-top-section elementor-element elementor-element-5bfe51d elementor-section-boxed elementor-section-height-default elementor-section-height-default\" data-id=\"5bfe51d\" data-element_type=\"section\">\n\t\t\t\t\t\t<div class=\"elementor-container elementor-column-gap-default\">\n\t\t\t\t\t\t\t<div class=\"elementor-row\">\n\t\t\t\t\t<div class=\"elementor-column elementor-col-100 elementor-top-column elementor-element elementor-element-c4c228d\" data-id=\"c4c228d\" data-element_type=\"column\">\n\t\t\t<div class=\"elementor-column-wrap elementor-element-populated\">\n\t\t\t\t\t\t\t<div class=\"elementor-widget-wrap\">\n\t\t\t\t\t\t<div class=\"elementor-element elementor-element-8358f79 elementor-widget elementor-widget-text-editor\" data-id=\"8358f79\" data-element_type=\"widget\" data-widget_type=\"text-editor.default\">\n\t\t\t\t<div class=\"elementor-widget-container\">\n\t\t\t\t\t\t\t\t<div class=\"elementor-text-editor elementor-clearfix\">\n\t\t\t\t<p>Vielleicht haben <strong>Sie<\/strong>\u00a0<strong>Sich<\/strong> oder hast <strong>Du<\/strong> <strong>Dich<\/strong> schon auf meiner Webseite umgeschaut oder wir haben schon einmal zusammengearbeitet und tun dies nun auf einer anderen Ebene wieder. So oder so \u2013 auf jeden Fall wird <strong>Dir<\/strong> oder <strong>Ihnen<\/strong> vermutlich aufgefallen sein, dass bei der Verwendung von \u201e<strong>Du<\/strong>\u201c oder \u201e<strong>Sie<\/strong>\u201c eine gewisse Inkonsistenz herrscht. Das ist Absicht.<br \/><br \/>Zun\u00e4chst: Die Verwendung von \u201e<strong>Du<\/strong>\u201c oder \u201e<strong>Sie<\/strong>\u201c hat nichts mit meiner Wertsch\u00e4tzung f\u00fcr die Person zu tun. Vielmehr ergibt es sich aus der \u00fcblichen Art und Weise, wie in den jeweiligen Gruppen kommuniziert wird, d. h. wie ich es oft in der Zusammenarbeit erlebe.<br \/><br \/>Gleichzeitig ist die verwendete Anrede kein rigides System, auf dem ich beharren m\u00f6chte. Wir k\u00f6nnen uns gern \u00fcber einen gemeinsamen Weg verst\u00e4ndigen und offen f\u00fcr etwaige \u00c4nderungen bleiben. Letztlich sollen sich in der Zusammenarbeit alle wohlf\u00fchlen, w\u00e4hrend sie vorankommen.<\/p>\t\t\t\t\t<\/div>\n\t\t\t\t\t\t<\/div>\n\t\t\t\t<\/div>\n\t\t\t\t\t\t<\/div>\n\t\t\t\t\t<\/div>\n\t\t<\/div>\n\t\t\t\t\t\t\t\t<\/div>\n\t\t\t\t\t<\/div>\n\t\t<\/section>\n\t\t\t\t<section class=\"elementor-section elementor-top-section elementor-element elementor-element-4494025 elementor-section-boxed elementor-section-height-default elementor-section-height-default\" data-id=\"4494025\" data-element_type=\"section\">\n\t\t\t\t\t\t<div class=\"elementor-container elementor-column-gap-default\">\n\t\t\t\t\t\t\t<div class=\"elementor-row\">\n\t\t\t\t\t<div class=\"elementor-column elementor-col-100 elementor-top-column elementor-element elementor-element-b0270f7\" data-id=\"b0270f7\" data-element_type=\"column\">\n\t\t\t<div class=\"elementor-column-wrap elementor-element-populated\">\n\t\t\t\t\t\t\t<div class=\"elementor-widget-wrap\">\n\t\t\t\t\t\t<div class=\"elementor-element elementor-element-94daaf9 elementor-widget elementor-widget-image\" data-id=\"94daaf9\" data-element_type=\"widget\" data-widget_type=\"image.default\">\n\t\t\t\t<div class=\"elementor-widget-container\">\n\t\t\t\t\t\t\t\t<div class=\"elementor-image\">\n\t\t\t\t\t\t\t\t\t\t\t\t\t<a href=\"https:\/\/www.perfectible.de\/\">\n\t\t\t\t\t\t\t<img decoding=\"async\" width=\"150\" height=\"150\" src=\"https:\/\/www.perfectible.de\/wp-content\/uploads\/2020\/09\/Logo_ohne-alles-150x150.png\" class=\"attachment-thumbnail size-thumbnail\" alt=\"perfectible Logo\" loading=\"lazy\" \/>\t\t\t\t\t\t\t\t<\/a>\n\t\t\t\t\t\t\t\t\t\t\t\t\t\t<\/div>\n\t\t\t\t\t\t<\/div>\n\t\t\t\t<\/div>\n\t\t\t\t\t\t<\/div>\n\t\t\t\t\t<\/div>\n\t\t<\/div>\n\t\t\t\t\t\t\t\t<\/div>\n\t\t\t\t\t<\/div>\n\t\t<\/section>\n\t\t\t\t\t\t\t\t\t<\/div>\n\t\t\t<\/div>\n\t\t\t\t\t<\/div>\n\t\t","protected":false},"excerpt":{"rendered":"<p>Vielleicht haben Sie\u00a0Sich oder hast Du Dich schon auf meiner Webseite umgeschaut oder wir haben schon einmal zusammengearbeitet und tun dies nun auf einer anderen Ebene wieder. So oder so \u2013 auf jeden Fall wird Dir oder Ihnen vermutlich aufgefallen sein, dass bei der Verwendung von \u201eDu\u201c oder \u201eSie\u201c eine gewisse Inkonsistenz herrscht. Das ist [&hellip;]<\/p>\n","protected":false},"author":2,"featured_media":0,"parent":0,"menu_order":0,"comment_status":"closed","ping_status":"closed","template":"","meta":[],"yoast_head":"<!-- This site is optimized with the Yoast SEO plugin v20.12 - https:\/\/yoast.com\/wordpress\/plugins\/seo\/ -->\n<title>Ich, Du, Sie, wir \u2013 es ist kompliziert! - perfectible Dr. Andrea Klein<\/title>\n<meta name=\"robots\" content=\"index, follow, max-snippet:-1, max-image-preview:large, max-video-preview:-1\" \/>\n<link rel=\"canonical\" href=\"https:\/\/www.perfectible.de\/index.php\/du-oder-sie\/\" \/>\n<meta property=\"og:locale\" content=\"de_DE\" \/>\n<meta property=\"og:type\" content=\"article\" \/>\n<meta property=\"og:title\" content=\"Ich, Du, Sie, wir \u2013 es ist kompliziert! - perfectible Dr. Andrea Klein\" \/>\n<meta property=\"og:description\" content=\"Vielleicht haben Sie\u00a0Sich oder hast Du Dich schon auf meiner Webseite umgeschaut oder wir haben schon einmal zusammengearbeitet und tun dies nun auf einer anderen Ebene wieder. So oder so \u2013 auf jeden Fall wird Dir oder Ihnen vermutlich aufgefallen sein, dass bei der Verwendung von \u201eDu\u201c oder \u201eSie\u201c eine gewisse Inkonsistenz herrscht. Das ist [&hellip;]\" \/>\n<meta property=\"og:url\" content=\"https:\/\/www.perfectible.de\/index.php\/du-oder-sie\/\" \/>\n<meta property=\"og:site_name\" content=\"perfectible Dr. Andrea Klein\" \/>\n<meta property=\"article:modified_time\" content=\"2021-09-17T06:11:17+00:00\" \/>\n<meta property=\"og:image\" content=\"https:\/\/www.perfectible.de\/wp-content\/uploads\/2020\/09\/Logo_ohne-alles-150x150.png\" \/>\n<meta name=\"twitter:card\" content=\"summary_large_image\" \/>\n<meta name=\"twitter:label1\" content=\"Gesch\u00e4tzte Lesezeit\" \/>\n\t<meta name=\"twitter:data1\" content=\"1\u00a0Minute\" \/>\n<script type=\"application\/ld+json\" class=\"yoast-schema-graph\">{\"@context\":\"https:\/\/schema.org\",\"@graph\":[{\"@type\":\"WebPage\",\"@id\":\"https:\/\/www.perfectible.de\/index.php\/du-oder-sie\/\",\"url\":\"https:\/\/www.perfectible.de\/index.php\/du-oder-sie\/\",\"name\":\"Ich, Du, Sie, wir \u2013 es ist kompliziert! - perfectible Dr. Andrea Klein\",\"isPartOf\":{\"@id\":\"https:\/\/www.perfectible.de\/#website\"},\"datePublished\":\"2021-09-17T06:01:35+00:00\",\"dateModified\":\"2021-09-17T06:11:17+00:00\",\"breadcrumb\":{\"@id\":\"https:\/\/www.perfectible.de\/index.php\/du-oder-sie\/#breadcrumb\"},\"inLanguage\":\"de\",\"potentialAction\":[{\"@type\":\"ReadAction\",\"target\":[\"https:\/\/www.perfectible.de\/index.php\/du-oder-sie\/\"]}]},{\"@type\":\"BreadcrumbList\",\"@id\":\"https:\/\/www.perfectible.de\/index.php\/du-oder-sie\/#breadcrumb\",\"itemListElement\":[{\"@type\":\"ListItem\",\"position\":1,\"name\":\"Startseite\",\"item\":\"https:\/\/www.perfectible.de\/\"},{\"@type\":\"ListItem\",\"position\":2,\"name\":\"Ich, Du, Sie, wir \u2013 es ist kompliziert!\"}]},{\"@type\":\"WebSite\",\"@id\":\"https:\/\/www.perfectible.de\/#website\",\"url\":\"https:\/\/www.perfectible.de\/\",\"name\":\"perfectible Dr. Andrea Klein\",\"description\":\"\",\"potentialAction\":[{\"@type\":\"SearchAction\",\"target\":{\"@type\":\"EntryPoint\",\"urlTemplate\":\"https:\/\/www.perfectible.de\/?s={search_term_string}\"},\"query-input\":\"required name=search_term_string\"}],\"inLanguage\":\"de\"}]}<\/script>\n<!-- \/ Yoast SEO plugin. -->","yoast_head_json":{"title":"Ich, Du, Sie, wir \u2013 es ist kompliziert! - perfectible Dr. Andrea Klein","robots":{"index":"index","follow":"follow","max-snippet":"max-snippet:-1","max-image-preview":"max-image-preview:large","max-video-preview":"max-video-preview:-1"},"canonical":"https:\/\/www.perfectible.de\/index.php\/du-oder-sie\/","og_locale":"de_DE","og_type":"article","og_title":"Ich, Du, Sie, wir \u2013 es ist kompliziert! - perfectible Dr. Andrea Klein","og_description":"Vielleicht haben Sie\u00a0Sich oder hast Du Dich schon auf meiner Webseite umgeschaut oder wir haben schon einmal zusammengearbeitet und tun dies nun auf einer anderen Ebene wieder. So oder so \u2013 auf jeden Fall wird Dir oder Ihnen vermutlich aufgefallen sein, dass bei der Verwendung von \u201eDu\u201c oder \u201eSie\u201c eine gewisse Inkonsistenz herrscht. Das ist [&hellip;]","og_url":"https:\/\/www.perfectible.de\/index.php\/du-oder-sie\/","og_site_name":"perfectible Dr. Andrea Klein","article_modified_time":"2021-09-17T06:11:17+00:00","og_image":[{"url":"https:\/\/www.perfectible.de\/wp-content\/uploads\/2020\/09\/Logo_ohne-alles-150x150.png"}],"twitter_card":"summary_large_image","twitter_misc":{"Gesch\u00e4tzte Lesezeit":"1\u00a0Minute"},"schema":{"@context":"https:\/\/schema.org","@graph":[{"@type":"WebPage","@id":"https:\/\/www.perfectible.de\/index.php\/du-oder-sie\/","url":"https:\/\/www.perfectible.de\/index.php\/du-oder-sie\/","name":"Ich, Du, Sie, wir \u2013 es ist kompliziert! - perfectible Dr. Andrea Klein","isPartOf":{"@id":"https:\/\/www.perfectible.de\/#website"},"datePublished":"2021-09-17T06:01:35+00:00","dateModified":"2021-09-17T06:11:17+00:00","breadcrumb":{"@id":"https:\/\/www.perfectible.de\/index.php\/du-oder-sie\/#breadcrumb"},"inLanguage":"de","potentialAction":[{"@type":"ReadAction","target":["https:\/\/www.perfectible.de\/index.php\/du-oder-sie\/"]}]},{"@type":"BreadcrumbList","@id":"https:\/\/www.perfectible.de\/index.php\/du-oder-sie\/#breadcrumb","itemListElement":[{"@type":"ListItem","position":1,"name":"Startseite","item":"https:\/\/www.perfectible.de\/"},{"@type":"ListItem","position":2,"name":"Ich, Du, Sie, wir \u2013 es ist kompliziert!"}]},{"@type":"WebSite","@id":"https:\/\/www.perfectible.de\/#website","url":"https:\/\/www.perfectible.de\/","name":"perfectible Dr. Andrea Klein","description":"","potentialAction":[{"@type":"SearchAction","target":{"@type":"EntryPoint","urlTemplate":"https:\/\/www.perfectible.de\/?s={search_term_string}"},"query-input":"required name=search_term_string"}],"inLanguage":"de"}]}},"_links":{"self":[{"href":"https:\/\/www.perfectible.de\/index.php\/wp-json\/wp\/v2\/pages\/908"}],"collection":[{"href":"https:\/\/www.perfectible.de\/index.php\/wp-json\/wp\/v2\/pages"}],"about":[{"href":"https:\/\/www.perfectible.de\/index.php\/wp-json\/wp\/v2\/types\/page"}],"author":[{"embeddable":true,"href":"https:\/\/www.perfectible.de\/index.php\/wp-json\/wp\/v2\/users\/2"}],"replies":[{"embeddable":true,"href":"https:\/\/www.perfectible.de\/index.php\/wp-json\/wp\/v2\/comments?post=908"}],"version-history":[{"count":14,"href":"https:\/\/www.perfectible.de\/index.php\/wp-json\/wp\/v2\/pages\/908\/revisions"}],"predecessor-version":[{"id":925,"href":"https:\/\/www.perfectible.de\/index.php\/wp-json\/wp\/v2\/pages\/908\/revisions\/925"}],"wp:attachment":[{"href":"https:\/\/www.perfectible.de\/index.php\/wp-json\/wp\/v2\/media?parent=908"}],"curies":[{"name":"wp","href":"https:\/\/api.w.org\/{rel}","templated":true}]}}