{"id":57,"date":"2019-01-19T07:46:05","date_gmt":"2019-01-19T06:46:05","guid":{"rendered":"http:\/\/www.perfectible.de\/?page_id=57"},"modified":"2019-01-23T10:51:55","modified_gmt":"2019-01-23T09:51:55","slug":"impressum","status":"publish","type":"page","link":"https:\/\/www.perfectible.de\/index.php\/impressum\/","title":{"rendered":"Impressum"},"content":{"rendered":"\n<h2><strong>perfectible<\/strong><\/h2>\n\n\n\n<h2><strong>Angaben gem\u00e4\u00df \u00a7 5 TMG<\/strong><\/h2>\n\n\n\n<p>Dr. Andrea\nKlein<\/p>\n\n\n\n<p>Anna-Bender-Stra\u00dfe\n22<\/p>\n\n\n\n<p>68535\nEdingen-Neckarhausen<\/p>\n\n\n\n<p>Telefon:\n06203-95 72 641<\/p>\n\n\n\n<p>E-Mail:\nandrea.klein@wissenschaftliches-arbeiten-lehren.de<\/p>\n\n\n\n<h2><strong>Quellenangaben f\u00fcr die verwendeten Bilder und Grafiken<\/strong><\/h2>\n\n\n\n<p><a href=\"http:\/\/www.endlessicons.com\" target=\"_blank\" rel=\"noreferrer noopener\">Endless Icons<\/a><\/p>\n\n\n\n<p><a href=\"http:\/\/www.designerspics.com\" target=\"_blank\" rel=\"noreferrer noopener\">DesignersPics<\/a><\/p>\n\n\n\n<p><a href=\"http:\/\/startupstockphotos.com\" target=\"_blank\" rel=\"noreferrer noopener\">Startup Stock Photos<\/a><\/p>\n\n\n\n<h2><strong>Haftungsausschluss (Disclaimer)<\/strong><\/h2>\n\n\n\n<h3><strong>Haftung f\u00fcr Inhalte<\/strong><\/h3>\n\n\n\n<p>Als Diensteanbieter\nsind wir gem\u00e4\u00df \u00a7 7 Abs.1 TMG f\u00fcr eigene Inhalte auf diesen Seiten nach den\nallgemeinen Gesetzen verantwortlich. Nach \u00a7\u00a7 8 bis 10 TMG sind wir als\nDiensteanbieter jedoch nicht verpflichtet, \u00fcbermittelte oder gespeicherte\nfremde Informationen zu \u00fcberwachen oder nach Umst\u00e4nden zu forschen, die auf\neine rechtswidrige T\u00e4tigkeit hinweisen. Verpflichtungen zur Entfernung oder\nSperrung der Nutzung von Informationen nach den allgemeinen Gesetzen bleiben\nhiervon unber\u00fchrt. Eine diesbez\u00fcgliche Haftung ist jedoch erst ab dem Zeitpunkt\nder Kenntnis einer konkreten Rechtsverletzung m\u00f6glich. Bei Bekanntwerden von\nentsprechenden Rechtsverletzungen werden wir diese Inhalte umgehend entfernen.<\/p>\n\n\n\n<h3><strong>Haftung f\u00fcr Links<\/strong><\/h3>\n\n\n\n<p>Unser\nAngebot enth\u00e4lt Links zu externen Webseiten Dritter, auf deren Inhalte wir\nkeinen Einfluss haben. Deshalb k\u00f6nnen wir f\u00fcr diese fremden Inhalte auch keine\nGew\u00e4hr \u00fcbernehmen. F\u00fcr die Inhalte der verlinkten Seiten ist stets der\njeweilige Anbieter oder Betreiber der Seiten verantwortlich. Die verlinkten Seiten\nwurden zum Zeitpunkt der Verlinkung auf m\u00f6gliche Rechtsverst\u00f6\u00dfe \u00fcberpr\u00fcft.\nRechtswidrige Inhalte waren zum Zeitpunkt der Verlinkung nicht erkennbar. Eine\npermanente inhaltliche Kontrolle der verlinkten Seiten ist jedoch ohne konkrete\nAnhaltspunkte einer Rechtsverletzung nicht zumutbar. Bei Bekanntwerden von\nRechtsverletzungen werden wir derartige Links umgehend entfernen.<\/p>\n\n\n\n<h2><strong>Urheberrecht<\/strong><\/h2>\n\n\n\n<p>Die durch\ndie Seitenbetreiber erstellten Inhalte und Werke auf diesen Seiten unterliegen\ndem deutschen Urheberrecht. Die Vervielf\u00e4ltigung, Bearbeitung, Verbreitung und\njede Art der Verwertung au\u00dferhalb der Grenzen des Urheberrechtes bed\u00fcrfen der\nschriftlichen Zustimmung des jeweiligen Autors bzw. Erstellers. Downloads und\nKopien dieser Seite sind nur f\u00fcr den privaten, nicht kommerziellen Gebrauch\ngestattet. Soweit die Inhalte auf dieser Seite nicht vom Betreiber erstellt\nwurden, werden die Urheberrechte Dritter beachtet. Insbesondere werden Inhalte\nDritter als solche gekennzeichnet. Sollten Sie trotzdem auf eine Urheberrechtsverletzung\naufmerksam werden, bitten wir um einen entsprechenden Hinweis. Bei\nBekanntwerden von Rechtsverletzungen werden wir derartige Inhalte umgehend\nentfernen.<\/p>\n","protected":false},"excerpt":{"rendered":"<p>perfectible Angaben gem\u00e4\u00df \u00a7 5 TMG Dr. Andrea Klein Anna-Bender-Stra\u00dfe 22 68535 Edingen-Neckarhausen Telefon: 06203-95 72 641 E-Mail: andrea.klein@wissenschaftliches-arbeiten-lehren.de Quellenangaben f\u00fcr die verwendeten Bilder und Grafiken Endless Icons DesignersPics Startup Stock Photos Haftungsausschluss (Disclaimer) Haftung f\u00fcr Inhalte Als Diensteanbieter sind wir gem\u00e4\u00df \u00a7 7 Abs.1 TMG f\u00fcr eigene Inhalte auf diesen Seiten nach den allgemeinen [&hellip;]<\/p>\n","protected":false},"author":1,"featured_media":0,"parent":0,"menu_order":0,"comment_status":"closed","ping_status":"closed","template":"","meta":[],"yoast_head":"<!-- This site is optimized with the Yoast SEO plugin v20.12 - https:\/\/yoast.com\/wordpress\/plugins\/seo\/ -->\n<title>Impressum - perfectible Dr. Andrea Klein<\/title>\n<meta name=\"robots\" content=\"index, follow, max-snippet:-1, max-image-preview:large, max-video-preview:-1\" \/>\n<link rel=\"canonical\" href=\"https:\/\/www.perfectible.de\/index.php\/impressum\/\" \/>\n<meta property=\"og:locale\" content=\"de_DE\" \/>\n<meta property=\"og:type\" content=\"article\" \/>\n<meta property=\"og:title\" content=\"Impressum - perfectible Dr. Andrea Klein\" \/>\n<meta property=\"og:description\" content=\"perfectible Angaben gem\u00e4\u00df \u00a7 5 TMG Dr. Andrea Klein Anna-Bender-Stra\u00dfe 22 68535 Edingen-Neckarhausen Telefon: 06203-95 72 641 E-Mail: andrea.klein@wissenschaftliches-arbeiten-lehren.de Quellenangaben f\u00fcr die verwendeten Bilder und Grafiken Endless Icons DesignersPics Startup Stock Photos Haftungsausschluss (Disclaimer) Haftung f\u00fcr Inhalte Als Diensteanbieter sind wir gem\u00e4\u00df \u00a7 7 Abs.1 TMG f\u00fcr eigene Inhalte auf diesen Seiten nach den allgemeinen [&hellip;]\" \/>\n<meta property=\"og:url\" content=\"https:\/\/www.perfectible.de\/index.php\/impressum\/\" \/>\n<meta property=\"og:site_name\" content=\"perfectible Dr. Andrea Klein\" \/>\n<meta property=\"article:modified_time\" content=\"2019-01-23T09:51:55+00:00\" \/>\n<meta name=\"twitter:card\" content=\"summary_large_image\" \/>\n<meta name=\"twitter:label1\" content=\"Gesch\u00e4tzte Lesezeit\" \/>\n\t<meta name=\"twitter:data1\" content=\"2\u00a0Minuten\" \/>\n<script type=\"application\/ld+json\" class=\"yoast-schema-graph\">{\"@context\":\"https:\/\/schema.org\",\"@graph\":[{\"@type\":\"WebPage\",\"@id\":\"https:\/\/www.perfectible.de\/index.php\/impressum\/\",\"url\":\"https:\/\/www.perfectible.de\/index.php\/impressum\/\",\"name\":\"Impressum - perfectible Dr. Andrea Klein\",\"isPartOf\":{\"@id\":\"https:\/\/www.perfectible.de\/#website\"},\"datePublished\":\"2019-01-19T06:46:05+00:00\",\"dateModified\":\"2019-01-23T09:51:55+00:00\",\"breadcrumb\":{\"@id\":\"https:\/\/www.perfectible.de\/index.php\/impressum\/#breadcrumb\"},\"inLanguage\":\"de\",\"potentialAction\":[{\"@type\":\"ReadAction\",\"target\":[\"https:\/\/www.perfectible.de\/index.php\/impressum\/\"]}]},{\"@type\":\"BreadcrumbList\",\"@id\":\"https:\/\/www.perfectible.de\/index.php\/impressum\/#breadcrumb\",\"itemListElement\":[{\"@type\":\"ListItem\",\"position\":1,\"name\":\"Startseite\",\"item\":\"https:\/\/www.perfectible.de\/\"},{\"@type\":\"ListItem\",\"position\":2,\"name\":\"Impressum\"}]},{\"@type\":\"WebSite\",\"@id\":\"https:\/\/www.perfectible.de\/#website\",\"url\":\"https:\/\/www.perfectible.de\/\",\"name\":\"perfectible Dr. Andrea Klein\",\"description\":\"\",\"potentialAction\":[{\"@type\":\"SearchAction\",\"target\":{\"@type\":\"EntryPoint\",\"urlTemplate\":\"https:\/\/www.perfectible.de\/?s={search_term_string}\"},\"query-input\":\"required name=search_term_string\"}],\"inLanguage\":\"de\"}]}<\/script>\n<!-- \/ Yoast SEO plugin. -->","yoast_head_json":{"title":"Impressum - perfectible Dr. Andrea Klein","robots":{"index":"index","follow":"follow","max-snippet":"max-snippet:-1","max-image-preview":"max-image-preview:large","max-video-preview":"max-video-preview:-1"},"canonical":"https:\/\/www.perfectible.de\/index.php\/impressum\/","og_locale":"de_DE","og_type":"article","og_title":"Impressum - perfectible Dr. Andrea Klein","og_description":"perfectible Angaben gem\u00e4\u00df \u00a7 5 TMG Dr. Andrea Klein Anna-Bender-Stra\u00dfe 22 68535 Edingen-Neckarhausen Telefon: 06203-95 72 641 E-Mail: andrea.klein@wissenschaftliches-arbeiten-lehren.de Quellenangaben f\u00fcr die verwendeten Bilder und Grafiken Endless Icons DesignersPics Startup Stock Photos Haftungsausschluss (Disclaimer) Haftung f\u00fcr Inhalte Als Diensteanbieter sind wir gem\u00e4\u00df \u00a7 7 Abs.1 TMG f\u00fcr eigene Inhalte auf diesen Seiten nach den allgemeinen [&hellip;]","og_url":"https:\/\/www.perfectible.de\/index.php\/impressum\/","og_site_name":"perfectible Dr. Andrea Klein","article_modified_time":"2019-01-23T09:51:55+00:00","twitter_card":"summary_large_image","twitter_misc":{"Gesch\u00e4tzte Lesezeit":"2\u00a0Minuten"},"schema":{"@context":"https:\/\/schema.org","@graph":[{"@type":"WebPage","@id":"https:\/\/www.perfectible.de\/index.php\/impressum\/","url":"https:\/\/www.perfectible.de\/index.php\/impressum\/","name":"Impressum - perfectible Dr. Andrea Klein","isPartOf":{"@id":"https:\/\/www.perfectible.de\/#website"},"datePublished":"2019-01-19T06:46:05+00:00","dateModified":"2019-01-23T09:51:55+00:00","breadcrumb":{"@id":"https:\/\/www.perfectible.de\/index.php\/impressum\/#breadcrumb"},"inLanguage":"de","potentialAction":[{"@type":"ReadAction","target":["https:\/\/www.perfectible.de\/index.php\/impressum\/"]}]},{"@type":"BreadcrumbList","@id":"https:\/\/www.perfectible.de\/index.php\/impressum\/#breadcrumb","itemListElement":[{"@type":"ListItem","position":1,"name":"Startseite","item":"https:\/\/www.perfectible.de\/"},{"@type":"ListItem","position":2,"name":"Impressum"}]},{"@type":"WebSite","@id":"https:\/\/www.perfectible.de\/#website","url":"https:\/\/www.perfectible.de\/","name":"perfectible Dr. Andrea Klein","description":"","potentialAction":[{"@type":"SearchAction","target":{"@type":"EntryPoint","urlTemplate":"https:\/\/www.perfectible.de\/?s={search_term_string}"},"query-input":"required name=search_term_string"}],"inLanguage":"de"}]}},"_links":{"self":[{"href":"https:\/\/www.perfectible.de\/index.php\/wp-json\/wp\/v2\/pages\/57"}],"collection":[{"href":"https:\/\/www.perfectible.de\/index.php\/wp-json\/wp\/v2\/pages"}],"about":[{"href":"https:\/\/www.perfectible.de\/index.php\/wp-json\/wp\/v2\/types\/page"}],"author":[{"embeddable":true,"href":"https:\/\/www.perfectible.de\/index.php\/wp-json\/wp\/v2\/users\/1"}],"replies":[{"embeddable":true,"href":"https:\/\/www.perfectible.de\/index.php\/wp-json\/wp\/v2\/comments?post=57"}],"version-history":[{"count":2,"href":"https:\/\/www.perfectible.de\/index.php\/wp-json\/wp\/v2\/pages\/57\/revisions"}],"predecessor-version":[{"id":82,"href":"https:\/\/www.perfectible.de\/index.php\/wp-json\/wp\/v2\/pages\/57\/revisions\/82"}],"wp:attachment":[{"href":"https:\/\/www.perfectible.de\/index.php\/wp-json\/wp\/v2\/media?parent=57"}],"curies":[{"name":"wp","href":"https:\/\/api.w.org\/{rel}","templated":true}]}}