{"id":46,"date":"2019-01-19T07:34:07","date_gmt":"2019-01-19T06:34:07","guid":{"rendered":"http:\/\/www.perfectible.de\/?page_id=46"},"modified":"2025-11-27T11:38:03","modified_gmt":"2025-11-27T10:38:03","slug":"studierende","status":"publish","type":"page","link":"https:\/\/www.perfectible.de\/index.php\/studierende\/","title":{"rendered":"Angebote f\u00fcr Studierende"},"content":{"rendered":"\t\t<div data-elementor-type=\"wp-page\" data-elementor-id=\"46\" class=\"elementor elementor-46\">\n\t\t\t\t\t\t<div class=\"elementor-inner\">\n\t\t\t\t<div class=\"elementor-section-wrap\">\n\t\t\t\t\t\t\t\t\t<section class=\"elementor-section elementor-top-section elementor-element elementor-element-16faabf3 elementor-section-boxed elementor-section-height-default elementor-section-height-default\" data-id=\"16faabf3\" data-element_type=\"section\">\n\t\t\t\t\t\t<div class=\"elementor-container elementor-column-gap-default\">\n\t\t\t\t\t\t\t<div class=\"elementor-row\">\n\t\t\t\t\t<div class=\"elementor-column elementor-col-100 elementor-top-column elementor-element elementor-element-5dbcdafa\" data-id=\"5dbcdafa\" data-element_type=\"column\">\n\t\t\t<div class=\"elementor-column-wrap elementor-element-populated\">\n\t\t\t\t\t\t\t<div class=\"elementor-widget-wrap\">\n\t\t\t\t\t\t<div class=\"elementor-element elementor-element-1a408e1b elementor-widget elementor-widget-text-editor\" data-id=\"1a408e1b\" data-element_type=\"widget\" data-widget_type=\"text-editor.default\">\n\t\t\t\t<div class=\"elementor-widget-container\">\n\t\t\t\t\t\t\t\t<div class=\"elementor-text-editor elementor-clearfix\">\n\t\t\t\t<p><!-- wp:spacer {\"height\":20} --><\/p>\n<div class=\"wp-block-spacer\" style=\"height: 20px;\" aria-hidden=\"true\">\u00a0<\/div>\n<p><!-- \/wp:spacer --><!-- wp:paragraph {\"style\":{\"typography\":{\"fontSize\":18}}} --><\/p>\n<p style=\"font-size: 18px;\">Deine Hausarbeit oder Abschlussarbeit w\u00fcrdest Du liebend gern\u00a0<em>mit Freude\u00a0<\/em>schreiben. Du hast nur \u00fcberhaupt keinen blassen Schimmer, wie das gehen soll&#8230;<\/p>\n<p><!-- \/wp:paragraph --><!-- wp:paragraph {\"style\":{\"typography\":{\"fontSize\":18}}} --><\/p>\n<p style=\"font-size: 18px;\">Ich unterst\u00fctze Dich beim wissenschaftlichen Arbeiten so, dass Du aus eigener Kraft Dein Ziel erreichst. Du erh\u00e4ltst von mir Tipps, Anregungen und Orientierung. Die Umsetzung liegt in Deinen H\u00e4nden.<\/p>\n<p><!-- \/wp:paragraph --><!-- wp:spacer {\"height\":30} --><\/p>\n<div class=\"wp-block-spacer\" style=\"height: 30px;\" aria-hidden=\"true\">\u00a0<\/div>\n<p><!-- \/wp:spacer --><!-- wp:paragraph {\"style\":{\"typography\":{\"fontSize\":18}}} --><\/p>\n<p style=\"font-size: 18px;\">Meine Angebote f\u00fcr Dich:<\/p>\n<p><!-- \/wp:columns --><!-- wp:block {\"ref\":379} \/--><\/p>\n<p>\u00a0<\/p>\t\t\t\t\t<\/div>\n\t\t\t\t\t\t<\/div>\n\t\t\t\t<\/div>\n\t\t\t\t\t\t<\/div>\n\t\t\t\t\t<\/div>\n\t\t<\/div>\n\t\t\t\t\t\t\t\t<\/div>\n\t\t\t\t\t<\/div>\n\t\t<\/section>\n\t\t\t\t<section class=\"elementor-section elementor-top-section elementor-element elementor-element-9efb0ff elementor-section-boxed elementor-section-height-default elementor-section-height-default\" data-id=\"9efb0ff\" data-element_type=\"section\">\n\t\t\t\t\t\t<div class=\"elementor-container elementor-column-gap-default\">\n\t\t\t\t\t\t\t<div class=\"elementor-row\">\n\t\t\t\t\t<div class=\"elementor-column elementor-col-100 elementor-top-column elementor-element elementor-element-60e630f\" data-id=\"60e630f\" data-element_type=\"column\">\n\t\t\t<div class=\"elementor-column-wrap elementor-element-populated\">\n\t\t\t\t\t\t\t<div class=\"elementor-widget-wrap\">\n\t\t\t\t\t\t<section class=\"elementor-section elementor-inner-section elementor-element elementor-element-150488f elementor-section-boxed elementor-section-height-default elementor-section-height-default\" data-id=\"150488f\" data-element_type=\"section\">\n\t\t\t\t\t\t<div class=\"elementor-container elementor-column-gap-default\">\n\t\t\t\t\t\t\t<div class=\"elementor-row\">\n\t\t\t\t\t<div class=\"elementor-column elementor-col-33 elementor-inner-column elementor-element elementor-element-6e57a41\" data-id=\"6e57a41\" data-element_type=\"column\">\n\t\t\t<div class=\"elementor-column-wrap elementor-element-populated\">\n\t\t\t\t\t\t\t<div class=\"elementor-widget-wrap\">\n\t\t\t\t\t\t<div class=\"elementor-element elementor-element-03e8dbf elementor-widget elementor-widget-text-editor\" data-id=\"03e8dbf\" data-element_type=\"widget\" data-widget_type=\"text-editor.default\">\n\t\t\t\t<div class=\"elementor-widget-container\">\n\t\t\t\t\t\t\t\t<div class=\"elementor-text-editor elementor-clearfix\">\n\t\t\t\t<h2><br \/><br \/><\/h2>\n<h2><a href=\"https:\/\/www.perfectible.de\/index.php\/coaching-fuer-studierende\/\">Coaching f\u00fcr Studierende<\/a><\/h2>\n<p>\u00a0<\/p>\n<p>\u00a0<\/p>\t\t\t\t\t<\/div>\n\t\t\t\t\t\t<\/div>\n\t\t\t\t<\/div>\n\t\t\t\t\t\t<\/div>\n\t\t\t\t\t<\/div>\n\t\t<\/div>\n\t\t\t\t<div class=\"elementor-column elementor-col-33 elementor-inner-column elementor-element elementor-element-9b5c847\" data-id=\"9b5c847\" data-element_type=\"column\">\n\t\t\t<div class=\"elementor-column-wrap\">\n\t\t\t\t\t\t\t<div class=\"elementor-widget-wrap\">\n\t\t\t\t\t\t\t\t<\/div>\n\t\t\t\t\t<\/div>\n\t\t<\/div>\n\t\t\t\t<div class=\"elementor-column elementor-col-33 elementor-inner-column elementor-element elementor-element-299fdaa\" data-id=\"299fdaa\" data-element_type=\"column\">\n\t\t\t<div class=\"elementor-column-wrap\">\n\t\t\t\t\t\t\t<div class=\"elementor-widget-wrap\">\n\t\t\t\t\t\t\t\t<\/div>\n\t\t\t\t\t<\/div>\n\t\t<\/div>\n\t\t\t\t\t\t\t\t<\/div>\n\t\t\t\t\t<\/div>\n\t\t<\/section>\n\t\t\t\t<section class=\"elementor-section elementor-inner-section elementor-element elementor-element-0fddce2 elementor-section-boxed elementor-section-height-default elementor-section-height-default\" data-id=\"0fddce2\" data-element_type=\"section\">\n\t\t\t\t\t\t<div class=\"elementor-container elementor-column-gap-default\">\n\t\t\t\t\t\t\t<div class=\"elementor-row\">\n\t\t\t\t\t<div class=\"elementor-column elementor-col-33 elementor-inner-column elementor-element elementor-element-a7b442c\" data-id=\"a7b442c\" data-element_type=\"column\">\n\t\t\t<div class=\"elementor-column-wrap\">\n\t\t\t\t\t\t\t<div class=\"elementor-widget-wrap\">\n\t\t\t\t\t\t\t\t<\/div>\n\t\t\t\t\t<\/div>\n\t\t<\/div>\n\t\t\t\t<div class=\"elementor-column elementor-col-33 elementor-inner-column elementor-element elementor-element-5fcd378\" data-id=\"5fcd378\" data-element_type=\"column\">\n\t\t\t<div class=\"elementor-column-wrap\">\n\t\t\t\t\t\t\t<div class=\"elementor-widget-wrap\">\n\t\t\t\t\t\t\t\t<\/div>\n\t\t\t\t\t<\/div>\n\t\t<\/div>\n\t\t\t\t<div class=\"elementor-column elementor-col-33 elementor-inner-column elementor-element elementor-element-06f81f8\" data-id=\"06f81f8\" data-element_type=\"column\">\n\t\t\t<div class=\"elementor-column-wrap elementor-element-populated\">\n\t\t\t\t\t\t\t<div class=\"elementor-widget-wrap\">\n\t\t\t\t\t\t<div class=\"elementor-element elementor-element-e04d276 elementor-widget elementor-widget-text-editor\" data-id=\"e04d276\" data-element_type=\"widget\" data-widget_type=\"text-editor.default\">\n\t\t\t\t<div class=\"elementor-widget-container\">\n\t\t\t\t\t\t\t\t<div class=\"elementor-text-editor elementor-clearfix\">\n\t\t\t\t<h2>\u00a0<\/h2>\n<h2><a href=\"https:\/\/www.perfectible.de\/index.php\/startseite\/studierende\/einzelberatung\" target=\"_blank\" rel=\"noopener\">Einzelberatung<\/a><\/h2>\n<p>\u00a0<\/p>\n<p>\u00a0<\/p>\t\t\t\t\t<\/div>\n\t\t\t\t\t\t<\/div>\n\t\t\t\t<\/div>\n\t\t\t\t\t\t<\/div>\n\t\t\t\t\t<\/div>\n\t\t<\/div>\n\t\t\t\t\t\t\t\t<\/div>\n\t\t\t\t\t<\/div>\n\t\t<\/section>\n\t\t\t\t<section class=\"elementor-section elementor-inner-section elementor-element elementor-element-c6e2b71 elementor-section-boxed elementor-section-height-default elementor-section-height-default\" data-id=\"c6e2b71\" data-element_type=\"section\">\n\t\t\t\t\t\t<div class=\"elementor-container elementor-column-gap-default\">\n\t\t\t\t\t\t\t<div class=\"elementor-row\">\n\t\t\t\t\t<div class=\"elementor-column elementor-col-33 elementor-inner-column elementor-element elementor-element-e5108d1\" data-id=\"e5108d1\" data-element_type=\"column\">\n\t\t\t<div class=\"elementor-column-wrap elementor-element-populated\">\n\t\t\t\t\t\t\t<div class=\"elementor-widget-wrap\">\n\t\t\t\t\t\t<div class=\"elementor-element elementor-element-7c856ce elementor-widget elementor-widget-text-editor\" data-id=\"7c856ce\" data-element_type=\"widget\" data-widget_type=\"text-editor.default\">\n\t\t\t\t<div class=\"elementor-widget-container\">\n\t\t\t\t\t\t\t\t<div class=\"elementor-text-editor elementor-clearfix\">\n\t\t\t\t<h2>\u00a0<\/h2>\n<p>\u00a0<\/p>\t\t\t\t\t<\/div>\n\t\t\t\t\t\t<\/div>\n\t\t\t\t<\/div>\n\t\t\t\t\t\t<\/div>\n\t\t\t\t\t<\/div>\n\t\t<\/div>\n\t\t\t\t<div class=\"elementor-column elementor-col-33 elementor-inner-column elementor-element elementor-element-a0f7410\" data-id=\"a0f7410\" data-element_type=\"column\">\n\t\t\t<div class=\"elementor-column-wrap\">\n\t\t\t\t\t\t\t<div class=\"elementor-widget-wrap\">\n\t\t\t\t\t\t\t\t<\/div>\n\t\t\t\t\t<\/div>\n\t\t<\/div>\n\t\t\t\t<div class=\"elementor-column elementor-col-33 elementor-inner-column elementor-element elementor-element-a34ed26\" data-id=\"a34ed26\" data-element_type=\"column\">\n\t\t\t<div class=\"elementor-column-wrap\">\n\t\t\t\t\t\t\t<div class=\"elementor-widget-wrap\">\n\t\t\t\t\t\t\t\t<\/div>\n\t\t\t\t\t<\/div>\n\t\t<\/div>\n\t\t\t\t\t\t\t\t<\/div>\n\t\t\t\t\t<\/div>\n\t\t<\/section>\n\t\t\t\t\t\t<\/div>\n\t\t\t\t\t<\/div>\n\t\t<\/div>\n\t\t\t\t\t\t\t\t<\/div>\n\t\t\t\t\t<\/div>\n\t\t<\/section>\n\t\t\t\t<section class=\"elementor-section elementor-top-section elementor-element elementor-element-96c2a7b elementor-section-boxed elementor-section-height-default elementor-section-height-default\" data-id=\"96c2a7b\" data-element_type=\"section\">\n\t\t\t\t\t\t<div class=\"elementor-container elementor-column-gap-default\">\n\t\t\t\t\t\t\t<div class=\"elementor-row\">\n\t\t\t\t\t<div class=\"elementor-column elementor-col-100 elementor-top-column elementor-element elementor-element-82d53ab\" data-id=\"82d53ab\" data-element_type=\"column\">\n\t\t\t<div class=\"elementor-column-wrap elementor-element-populated\">\n\t\t\t\t\t\t\t<div class=\"elementor-widget-wrap\">\n\t\t\t\t\t\t<div class=\"elementor-element elementor-element-a51a50e elementor-widget elementor-widget-spacer\" data-id=\"a51a50e\" data-element_type=\"widget\" data-widget_type=\"spacer.default\">\n\t\t\t\t<div class=\"elementor-widget-container\">\n\t\t\t\t\t<div class=\"elementor-spacer\">\n\t\t\t<div class=\"elementor-spacer-inner\"><\/div>\n\t\t<\/div>\n\t\t\t\t<\/div>\n\t\t\t\t<\/div>\n\t\t\t\t\t\t<\/div>\n\t\t\t\t\t<\/div>\n\t\t<\/div>\n\t\t\t\t\t\t\t\t<\/div>\n\t\t\t\t\t<\/div>\n\t\t<\/section>\n\t\t\t\t<section class=\"elementor-section elementor-top-section elementor-element elementor-element-b038c34 elementor-section-boxed elementor-section-height-default elementor-section-height-default\" data-id=\"b038c34\" data-element_type=\"section\">\n\t\t\t\t\t\t<div class=\"elementor-container elementor-column-gap-default\">\n\t\t\t\t\t\t\t<div class=\"elementor-row\">\n\t\t\t\t\t<div class=\"elementor-column elementor-col-100 elementor-top-column elementor-element elementor-element-cc6d0bd\" data-id=\"cc6d0bd\" data-element_type=\"column\">\n\t\t\t<div class=\"elementor-column-wrap elementor-element-populated\">\n\t\t\t\t\t\t\t<div class=\"elementor-widget-wrap\">\n\t\t\t\t\t\t<div class=\"elementor-element elementor-element-0039651 elementor-widget elementor-widget-image\" data-id=\"0039651\" data-element_type=\"widget\" data-widget_type=\"image.default\">\n\t\t\t\t<div class=\"elementor-widget-container\">\n\t\t\t\t\t\t\t\t<div class=\"elementor-image\">\n\t\t\t\t\t\t\t\t\t\t\t\t\t<a href=\"https:\/\/www.perfectible.de\/\">\n\t\t\t\t\t\t\t<img decoding=\"async\" width=\"150\" height=\"150\" src=\"https:\/\/www.perfectible.de\/wp-content\/uploads\/2020\/09\/Logo_ohne-alles-150x150.png\" class=\"attachment-thumbnail size-thumbnail\" alt=\"perfectible Logo\" loading=\"lazy\" \/>\t\t\t\t\t\t\t\t<\/a>\n\t\t\t\t\t\t\t\t\t\t\t\t\t\t<\/div>\n\t\t\t\t\t\t<\/div>\n\t\t\t\t<\/div>\n\t\t\t\t\t\t<\/div>\n\t\t\t\t\t<\/div>\n\t\t<\/div>\n\t\t\t\t\t\t\t\t<\/div>\n\t\t\t\t\t<\/div>\n\t\t<\/section>\n\t\t\t\t\t\t\t\t\t<\/div>\n\t\t\t<\/div>\n\t\t\t\t\t<\/div>\n\t\t","protected":false},"excerpt":{"rendered":"<p>Deine Hausarbeit oder Abschlussarbeit w\u00fcrdest Du liebend gern\u00a0mit Freude\u00a0schreiben. Du hast nur \u00fcberhaupt keinen blassen Schimmer, wie das gehen soll&#8230; Ich unterst\u00fctze Dich beim wissenschaftlichen Arbeiten so, dass Du aus eigener Kraft Dein Ziel erreichst. Du erh\u00e4ltst von mir Tipps, Anregungen und Orientierung. Die Umsetzung liegt in Deinen H\u00e4nden. Meine Angebote f\u00fcr Dich: \u00a0 Coaching [&hellip;]<\/p>\n","protected":false},"author":1,"featured_media":0,"parent":0,"menu_order":0,"comment_status":"closed","ping_status":"closed","template":"","meta":[],"yoast_head":"<!-- This site is optimized with the Yoast SEO plugin v20.12 - https:\/\/yoast.com\/wordpress\/plugins\/seo\/ -->\n<title>Angebote f\u00fcr Studierende - perfectible Dr. Andrea Klein<\/title>\n<meta name=\"robots\" content=\"index, follow, max-snippet:-1, max-image-preview:large, max-video-preview:-1\" \/>\n<link rel=\"canonical\" href=\"https:\/\/www.perfectible.de\/index.php\/studierende\/\" \/>\n<meta property=\"og:locale\" content=\"de_DE\" \/>\n<meta property=\"og:type\" content=\"article\" \/>\n<meta property=\"og:title\" content=\"Angebote f\u00fcr Studierende - perfectible Dr. Andrea Klein\" \/>\n<meta property=\"og:description\" content=\"Deine Hausarbeit oder Abschlussarbeit w\u00fcrdest Du liebend gern\u00a0mit Freude\u00a0schreiben. Du hast nur \u00fcberhaupt keinen blassen Schimmer, wie das gehen soll&#8230; Ich unterst\u00fctze Dich beim wissenschaftlichen Arbeiten so, dass Du aus eigener Kraft Dein Ziel erreichst. Du erh\u00e4ltst von mir Tipps, Anregungen und Orientierung. Die Umsetzung liegt in Deinen H\u00e4nden. Meine Angebote f\u00fcr Dich: \u00a0 Coaching [&hellip;]\" \/>\n<meta property=\"og:url\" content=\"https:\/\/www.perfectible.de\/index.php\/studierende\/\" \/>\n<meta property=\"og:site_name\" content=\"perfectible Dr. Andrea Klein\" \/>\n<meta property=\"article:modified_time\" content=\"2025-11-27T10:38:03+00:00\" \/>\n<meta property=\"og:image\" content=\"https:\/\/www.perfectible.de\/wp-content\/uploads\/2020\/09\/Logo_ohne-alles-150x150.png\" \/>\n<meta name=\"twitter:card\" content=\"summary_large_image\" \/>\n<meta name=\"twitter:label1\" content=\"Gesch\u00e4tzte Lesezeit\" \/>\n\t<meta name=\"twitter:data1\" content=\"1\u00a0Minute\" \/>\n<script type=\"application\/ld+json\" class=\"yoast-schema-graph\">{\"@context\":\"https:\/\/schema.org\",\"@graph\":[{\"@type\":\"WebPage\",\"@id\":\"https:\/\/www.perfectible.de\/index.php\/studierende\/\",\"url\":\"https:\/\/www.perfectible.de\/index.php\/studierende\/\",\"name\":\"Angebote f\u00fcr Studierende - perfectible Dr. Andrea Klein\",\"isPartOf\":{\"@id\":\"https:\/\/www.perfectible.de\/#website\"},\"datePublished\":\"2019-01-19T06:34:07+00:00\",\"dateModified\":\"2025-11-27T10:38:03+00:00\",\"breadcrumb\":{\"@id\":\"https:\/\/www.perfectible.de\/index.php\/studierende\/#breadcrumb\"},\"inLanguage\":\"de\",\"potentialAction\":[{\"@type\":\"ReadAction\",\"target\":[\"https:\/\/www.perfectible.de\/index.php\/studierende\/\"]}]},{\"@type\":\"BreadcrumbList\",\"@id\":\"https:\/\/www.perfectible.de\/index.php\/studierende\/#breadcrumb\",\"itemListElement\":[{\"@type\":\"ListItem\",\"position\":1,\"name\":\"Startseite\",\"item\":\"https:\/\/www.perfectible.de\/\"},{\"@type\":\"ListItem\",\"position\":2,\"name\":\"Angebote f\u00fcr Studierende\"}]},{\"@type\":\"WebSite\",\"@id\":\"https:\/\/www.perfectible.de\/#website\",\"url\":\"https:\/\/www.perfectible.de\/\",\"name\":\"perfectible Dr. Andrea Klein\",\"description\":\"\",\"potentialAction\":[{\"@type\":\"SearchAction\",\"target\":{\"@type\":\"EntryPoint\",\"urlTemplate\":\"https:\/\/www.perfectible.de\/?s={search_term_string}\"},\"query-input\":\"required name=search_term_string\"}],\"inLanguage\":\"de\"}]}<\/script>\n<!-- \/ Yoast SEO plugin. -->","yoast_head_json":{"title":"Angebote f\u00fcr Studierende - perfectible Dr. Andrea Klein","robots":{"index":"index","follow":"follow","max-snippet":"max-snippet:-1","max-image-preview":"max-image-preview:large","max-video-preview":"max-video-preview:-1"},"canonical":"https:\/\/www.perfectible.de\/index.php\/studierende\/","og_locale":"de_DE","og_type":"article","og_title":"Angebote f\u00fcr Studierende - perfectible Dr. Andrea Klein","og_description":"Deine Hausarbeit oder Abschlussarbeit w\u00fcrdest Du liebend gern\u00a0mit Freude\u00a0schreiben. Du hast nur \u00fcberhaupt keinen blassen Schimmer, wie das gehen soll&#8230; Ich unterst\u00fctze Dich beim wissenschaftlichen Arbeiten so, dass Du aus eigener Kraft Dein Ziel erreichst. Du erh\u00e4ltst von mir Tipps, Anregungen und Orientierung. Die Umsetzung liegt in Deinen H\u00e4nden. Meine Angebote f\u00fcr Dich: \u00a0 Coaching [&hellip;]","og_url":"https:\/\/www.perfectible.de\/index.php\/studierende\/","og_site_name":"perfectible Dr. Andrea Klein","article_modified_time":"2025-11-27T10:38:03+00:00","og_image":[{"url":"https:\/\/www.perfectible.de\/wp-content\/uploads\/2020\/09\/Logo_ohne-alles-150x150.png"}],"twitter_card":"summary_large_image","twitter_misc":{"Gesch\u00e4tzte Lesezeit":"1\u00a0Minute"},"schema":{"@context":"https:\/\/schema.org","@graph":[{"@type":"WebPage","@id":"https:\/\/www.perfectible.de\/index.php\/studierende\/","url":"https:\/\/www.perfectible.de\/index.php\/studierende\/","name":"Angebote f\u00fcr Studierende - perfectible Dr. Andrea Klein","isPartOf":{"@id":"https:\/\/www.perfectible.de\/#website"},"datePublished":"2019-01-19T06:34:07+00:00","dateModified":"2025-11-27T10:38:03+00:00","breadcrumb":{"@id":"https:\/\/www.perfectible.de\/index.php\/studierende\/#breadcrumb"},"inLanguage":"de","potentialAction":[{"@type":"ReadAction","target":["https:\/\/www.perfectible.de\/index.php\/studierende\/"]}]},{"@type":"BreadcrumbList","@id":"https:\/\/www.perfectible.de\/index.php\/studierende\/#breadcrumb","itemListElement":[{"@type":"ListItem","position":1,"name":"Startseite","item":"https:\/\/www.perfectible.de\/"},{"@type":"ListItem","position":2,"name":"Angebote f\u00fcr Studierende"}]},{"@type":"WebSite","@id":"https:\/\/www.perfectible.de\/#website","url":"https:\/\/www.perfectible.de\/","name":"perfectible Dr. Andrea Klein","description":"","potentialAction":[{"@type":"SearchAction","target":{"@type":"EntryPoint","urlTemplate":"https:\/\/www.perfectible.de\/?s={search_term_string}"},"query-input":"required name=search_term_string"}],"inLanguage":"de"}]}},"_links":{"self":[{"href":"https:\/\/www.perfectible.de\/index.php\/wp-json\/wp\/v2\/pages\/46"}],"collection":[{"href":"https:\/\/www.perfectible.de\/index.php\/wp-json\/wp\/v2\/pages"}],"about":[{"href":"https:\/\/www.perfectible.de\/index.php\/wp-json\/wp\/v2\/types\/page"}],"author":[{"embeddable":true,"href":"https:\/\/www.perfectible.de\/index.php\/wp-json\/wp\/v2\/users\/1"}],"replies":[{"embeddable":true,"href":"https:\/\/www.perfectible.de\/index.php\/wp-json\/wp\/v2\/comments?post=46"}],"version-history":[{"count":127,"href":"https:\/\/www.perfectible.de\/index.php\/wp-json\/wp\/v2\/pages\/46\/revisions"}],"predecessor-version":[{"id":1509,"href":"https:\/\/www.perfectible.de\/index.php\/wp-json\/wp\/v2\/pages\/46\/revisions\/1509"}],"wp:attachment":[{"href":"https:\/\/www.perfectible.de\/index.php\/wp-json\/wp\/v2\/media?parent=46"}],"curies":[{"name":"wp","href":"https:\/\/api.w.org\/{rel}","templated":true}]}}