{"id":394,"date":"2020-06-05T19:33:31","date_gmt":"2020-06-05T17:33:31","guid":{"rendered":"http:\/\/www.perfectible.de\/?page_id=394"},"modified":"2025-11-27T11:34:53","modified_gmt":"2025-11-27T10:34:53","slug":"coaching-fuer-studierende","status":"publish","type":"page","link":"https:\/\/www.perfectible.de\/index.php\/coaching-fuer-studierende\/","title":{"rendered":"Coaching f\u00fcr Studierende"},"content":{"rendered":"<p>W\u00e4hrend eines Studiums und manchmal auch kurz davor oder danach tauchen mitunter Situationen auf, in denen man sich fragt: \u201eWie mache ich denn jetzt weiter?\u201c<\/p>\n<p>Wahrscheinlich hast Du schon das Internet hoch- und runterrecherchiert oder sogar einschl\u00e4gige Veranstaltungen an Deiner Hochschule besucht. Du hast mit Deiner Familie und im Freundeskreis gesprochen und einige gute Vors\u00e4tze gefasst. Ge\u00e4ndert hat sich trotzdem nicht viel. Mindestens eine der folgenden Fragen ist f\u00fcr Dich noch offen:<\/p>\n<ul>\n<li>Wie finde ich den Anfang beim Schreiben oder Lernen?<\/li>\n<li>Wie gelingt es mir, bei der Sache zu bleiben?<\/li>\n<li>Wie kann ich den Lernprozess so gestalten, dass er mir guttut und ich vorankomme?<\/li>\n<li>Wie soll ich das alles blo\u00df schaffen?<\/li>\n<li>Ist das wirklich alles?<\/li>\n<li>Wie packe ich den \u00dcbergang vom Bachelor zum Master, vom Master zur Promotion?<\/li>\n<li>Was sind meine ersten Schritte in Richtung Berufst\u00e4tigkeit?<\/li>\n<\/ul>\n<p>Wenn Du genau an einer dieser Stellen stehst, hilft Coaching Dir ziemlich sicher sehr gut weiter. Denn Du erarbeitest Dir Klarheit und wei\u00dft, welche Schritte als n\u00e4chstes f\u00fcr Dich anstehen.<\/p>\n<p><b>Wie l\u00e4uft das Coaching ab?<\/b><\/p>\n<ul>\n<li>Um gut zusammenzuarbeiten, ben\u00f6tigen wir Ruhe und Zeit.<\/li>\n<\/ul>\n<ul>\n<li>Du bringst Bereitschaft zu Reflexion und Ver\u00e4nderung sowie Offenheit f\u00fcr unbekannte Methoden mit. Aber Achtung: Durch die Reflexion im Coaching st\u00f6\u00dft Du eine Entwicklung an. Dies bedeutet in vielen F\u00e4llen, Altes und Vertrautes zur\u00fcckzulassen. Aber deswegen bist Du ja wahrscheinlich bei mir gelandet.<\/li>\n<\/ul>\n<ul>\n<li>Ich bringe mein gesamtes Prozess- und Methodenwissen ein, um gemeinsam mit Dir zur L\u00f6sung zu kommen.<\/li>\n<\/ul>\n<ul>\n<li>Als Haltung w\u00fcnsche ich mir von Dir, dass Du Studium und Lehre als grunds\u00e4tzlich sinnvolle und freudestiftende T\u00e4tigkeiten siehst, auch wenn das in Deiner aktuellen Situation vielleicht verdeckt ist.<\/li>\n<\/ul>\n<ul>\n<li>\u00a0Nicht akzeptieren kann ich, wenn Du Dein Studium einfach nur schnell abhaken willst und danach alles vergessen willst. Crash-Kurse oder \u201eRettung in letzter Sekunde\u201c gibt es bei mir nicht. Ich biete auch kein Ghostwriting, keine fachliche Beratung und keine klassische Studienberatung.<\/li>\n<\/ul>\n<p>Konkret: Du buchst eine einzelne Coaching-Session oder ein Paket. Schreibe mir einfach eine Mail an <a href=\"mailto:andrea.klein@wissenschaftliches-arbeiten-lehren.de\">andrea.klein@wissenschaftliches-arbeiten-lehren.de<\/a> und schildere mir, welche Frage Dich gerade umtreibt. Ich melde mich dann z\u00fcgig bei Dir, meist sp\u00e4testens am n\u00e4chsten Tag.<\/p>\n<p><b>Moment mal, was soll das denn kosten?<br \/>\n<\/b><\/p>\n<p>Nat\u00fcrlich darfst Du das erfahren: Eine Stunde Coaching \u00e0 45 Minuten kostet 119 Euro, Pakete von 5 Stunden sind f\u00fcr 535 Euro erh\u00e4ltlich und das 10-Stunden-Paket f\u00fcr 1.000 Euro.<\/p>\n<p>Gemeinsam finden wir heraus, ob eine Stunde oder ein Paket besser zu Deinen Fragen passt.<\/p>\n<p><a href=\"https:\/\/www.perfectible.de\/\"><br \/>\n<img decoding=\"async\" loading=\"lazy\" src=\"https:\/\/www.perfectible.de\/wp-content\/uploads\/2020\/09\/Logo_ohne-alles-150x150.png\" alt=\"\" width=\"150\" height=\"150\" \/> <\/a><\/p>\n","protected":false},"excerpt":{"rendered":"<p>W\u00e4hrend eines Studiums und manchmal auch kurz davor oder danach tauchen mitunter Situationen auf, in denen man sich fragt: \u201eWie mache ich denn jetzt weiter?\u201c Wahrscheinlich hast Du schon das Internet hoch- und runterrecherchiert oder sogar einschl\u00e4gige Veranstaltungen an Deiner Hochschule besucht. Du hast mit Deiner Familie und im Freundeskreis gesprochen und einige gute Vors\u00e4tze [&hellip;]<\/p>\n","protected":false},"author":2,"featured_media":0,"parent":0,"menu_order":0,"comment_status":"closed","ping_status":"closed","template":"","meta":[],"yoast_head":"<!-- This site is optimized with the Yoast SEO plugin v20.12 - https:\/\/yoast.com\/wordpress\/plugins\/seo\/ -->\n<title>Coaching f\u00fcr Studierende - perfectible Dr. Andrea Klein<\/title>\n<meta name=\"robots\" content=\"index, follow, max-snippet:-1, max-image-preview:large, max-video-preview:-1\" \/>\n<link rel=\"canonical\" href=\"https:\/\/www.perfectible.de\/index.php\/coaching-fuer-studierende\/\" \/>\n<meta property=\"og:locale\" content=\"de_DE\" \/>\n<meta property=\"og:type\" content=\"article\" \/>\n<meta property=\"og:title\" content=\"Coaching f\u00fcr Studierende - perfectible Dr. Andrea Klein\" \/>\n<meta property=\"og:description\" content=\"W\u00e4hrend eines Studiums und manchmal auch kurz davor oder danach tauchen mitunter Situationen auf, in denen man sich fragt: \u201eWie mache ich denn jetzt weiter?\u201c Wahrscheinlich hast Du schon das Internet hoch- und runterrecherchiert oder sogar einschl\u00e4gige Veranstaltungen an Deiner Hochschule besucht. Du hast mit Deiner Familie und im Freundeskreis gesprochen und einige gute Vors\u00e4tze [&hellip;]\" \/>\n<meta property=\"og:url\" content=\"https:\/\/www.perfectible.de\/index.php\/coaching-fuer-studierende\/\" \/>\n<meta property=\"og:site_name\" content=\"perfectible Dr. Andrea Klein\" \/>\n<meta property=\"article:modified_time\" content=\"2025-11-27T10:34:53+00:00\" \/>\n<meta property=\"og:image\" content=\"https:\/\/www.perfectible.de\/wp-content\/uploads\/2020\/09\/Logo_ohne-alles-150x150.png\" \/>\n<meta name=\"twitter:card\" content=\"summary_large_image\" \/>\n<meta name=\"twitter:label1\" content=\"Gesch\u00e4tzte Lesezeit\" \/>\n\t<meta name=\"twitter:data1\" content=\"3\u00a0Minuten\" \/>\n<script type=\"application\/ld+json\" class=\"yoast-schema-graph\">{\"@context\":\"https:\/\/schema.org\",\"@graph\":[{\"@type\":\"WebPage\",\"@id\":\"https:\/\/www.perfectible.de\/index.php\/coaching-fuer-studierende\/\",\"url\":\"https:\/\/www.perfectible.de\/index.php\/coaching-fuer-studierende\/\",\"name\":\"Coaching f\u00fcr Studierende - perfectible Dr. Andrea Klein\",\"isPartOf\":{\"@id\":\"https:\/\/www.perfectible.de\/#website\"},\"datePublished\":\"2020-06-05T17:33:31+00:00\",\"dateModified\":\"2025-11-27T10:34:53+00:00\",\"breadcrumb\":{\"@id\":\"https:\/\/www.perfectible.de\/index.php\/coaching-fuer-studierende\/#breadcrumb\"},\"inLanguage\":\"de\",\"potentialAction\":[{\"@type\":\"ReadAction\",\"target\":[\"https:\/\/www.perfectible.de\/index.php\/coaching-fuer-studierende\/\"]}]},{\"@type\":\"BreadcrumbList\",\"@id\":\"https:\/\/www.perfectible.de\/index.php\/coaching-fuer-studierende\/#breadcrumb\",\"itemListElement\":[{\"@type\":\"ListItem\",\"position\":1,\"name\":\"Startseite\",\"item\":\"https:\/\/www.perfectible.de\/\"},{\"@type\":\"ListItem\",\"position\":2,\"name\":\"Coaching f\u00fcr Studierende\"}]},{\"@type\":\"WebSite\",\"@id\":\"https:\/\/www.perfectible.de\/#website\",\"url\":\"https:\/\/www.perfectible.de\/\",\"name\":\"perfectible Dr. Andrea Klein\",\"description\":\"\",\"potentialAction\":[{\"@type\":\"SearchAction\",\"target\":{\"@type\":\"EntryPoint\",\"urlTemplate\":\"https:\/\/www.perfectible.de\/?s={search_term_string}\"},\"query-input\":\"required name=search_term_string\"}],\"inLanguage\":\"de\"}]}<\/script>\n<!-- \/ Yoast SEO plugin. -->","yoast_head_json":{"title":"Coaching f\u00fcr Studierende - perfectible Dr. Andrea Klein","robots":{"index":"index","follow":"follow","max-snippet":"max-snippet:-1","max-image-preview":"max-image-preview:large","max-video-preview":"max-video-preview:-1"},"canonical":"https:\/\/www.perfectible.de\/index.php\/coaching-fuer-studierende\/","og_locale":"de_DE","og_type":"article","og_title":"Coaching f\u00fcr Studierende - perfectible Dr. Andrea Klein","og_description":"W\u00e4hrend eines Studiums und manchmal auch kurz davor oder danach tauchen mitunter Situationen auf, in denen man sich fragt: \u201eWie mache ich denn jetzt weiter?\u201c Wahrscheinlich hast Du schon das Internet hoch- und runterrecherchiert oder sogar einschl\u00e4gige Veranstaltungen an Deiner Hochschule besucht. Du hast mit Deiner Familie und im Freundeskreis gesprochen und einige gute Vors\u00e4tze [&hellip;]","og_url":"https:\/\/www.perfectible.de\/index.php\/coaching-fuer-studierende\/","og_site_name":"perfectible Dr. Andrea Klein","article_modified_time":"2025-11-27T10:34:53+00:00","og_image":[{"url":"https:\/\/www.perfectible.de\/wp-content\/uploads\/2020\/09\/Logo_ohne-alles-150x150.png"}],"twitter_card":"summary_large_image","twitter_misc":{"Gesch\u00e4tzte Lesezeit":"3\u00a0Minuten"},"schema":{"@context":"https:\/\/schema.org","@graph":[{"@type":"WebPage","@id":"https:\/\/www.perfectible.de\/index.php\/coaching-fuer-studierende\/","url":"https:\/\/www.perfectible.de\/index.php\/coaching-fuer-studierende\/","name":"Coaching f\u00fcr Studierende - perfectible Dr. Andrea Klein","isPartOf":{"@id":"https:\/\/www.perfectible.de\/#website"},"datePublished":"2020-06-05T17:33:31+00:00","dateModified":"2025-11-27T10:34:53+00:00","breadcrumb":{"@id":"https:\/\/www.perfectible.de\/index.php\/coaching-fuer-studierende\/#breadcrumb"},"inLanguage":"de","potentialAction":[{"@type":"ReadAction","target":["https:\/\/www.perfectible.de\/index.php\/coaching-fuer-studierende\/"]}]},{"@type":"BreadcrumbList","@id":"https:\/\/www.perfectible.de\/index.php\/coaching-fuer-studierende\/#breadcrumb","itemListElement":[{"@type":"ListItem","position":1,"name":"Startseite","item":"https:\/\/www.perfectible.de\/"},{"@type":"ListItem","position":2,"name":"Coaching f\u00fcr Studierende"}]},{"@type":"WebSite","@id":"https:\/\/www.perfectible.de\/#website","url":"https:\/\/www.perfectible.de\/","name":"perfectible Dr. Andrea Klein","description":"","potentialAction":[{"@type":"SearchAction","target":{"@type":"EntryPoint","urlTemplate":"https:\/\/www.perfectible.de\/?s={search_term_string}"},"query-input":"required name=search_term_string"}],"inLanguage":"de"}]}},"_links":{"self":[{"href":"https:\/\/www.perfectible.de\/index.php\/wp-json\/wp\/v2\/pages\/394"}],"collection":[{"href":"https:\/\/www.perfectible.de\/index.php\/wp-json\/wp\/v2\/pages"}],"about":[{"href":"https:\/\/www.perfectible.de\/index.php\/wp-json\/wp\/v2\/types\/page"}],"author":[{"embeddable":true,"href":"https:\/\/www.perfectible.de\/index.php\/wp-json\/wp\/v2\/users\/2"}],"replies":[{"embeddable":true,"href":"https:\/\/www.perfectible.de\/index.php\/wp-json\/wp\/v2\/comments?post=394"}],"version-history":[{"count":13,"href":"https:\/\/www.perfectible.de\/index.php\/wp-json\/wp\/v2\/pages\/394\/revisions"}],"predecessor-version":[{"id":1503,"href":"https:\/\/www.perfectible.de\/index.php\/wp-json\/wp\/v2\/pages\/394\/revisions\/1503"}],"wp:attachment":[{"href":"https:\/\/www.perfectible.de\/index.php\/wp-json\/wp\/v2\/media?parent=394"}],"curies":[{"name":"wp","href":"https:\/\/api.w.org\/{rel}","templated":true}]}}