{"id":340,"date":"2020-05-17T19:54:44","date_gmt":"2020-05-17T17:54:44","guid":{"rendered":"http:\/\/www.perfectible.de\/?page_id=340"},"modified":"2025-11-27T11:36:48","modified_gmt":"2025-11-27T10:36:48","slug":"einzelberatung","status":"publish","type":"page","link":"https:\/\/www.perfectible.de\/index.php\/einzelberatung\/","title":{"rendered":"Einzelberatung"},"content":{"rendered":"\t\t<div data-elementor-type=\"wp-page\" data-elementor-id=\"340\" class=\"elementor elementor-340\">\n\t\t\t\t\t\t<div class=\"elementor-inner\">\n\t\t\t\t<div class=\"elementor-section-wrap\">\n\t\t\t\t\t\t\t\t\t<section class=\"elementor-section elementor-top-section elementor-element elementor-element-718794e elementor-section-boxed elementor-section-height-default elementor-section-height-default\" data-id=\"718794e\" data-element_type=\"section\">\n\t\t\t\t\t\t<div class=\"elementor-container elementor-column-gap-default\">\n\t\t\t\t\t\t\t<div class=\"elementor-row\">\n\t\t\t\t\t<div class=\"elementor-column elementor-col-100 elementor-top-column elementor-element elementor-element-6a247037\" data-id=\"6a247037\" data-element_type=\"column\">\n\t\t\t<div class=\"elementor-column-wrap elementor-element-populated\">\n\t\t\t\t\t\t\t<div class=\"elementor-widget-wrap\">\n\t\t\t\t\t\t<div class=\"elementor-element elementor-element-37c8f392 elementor-widget elementor-widget-text-editor\" data-id=\"37c8f392\" data-element_type=\"widget\" data-widget_type=\"text-editor.default\">\n\t\t\t\t<div class=\"elementor-widget-container\">\n\t\t\t\t\t\t\t\t<div class=\"elementor-text-editor elementor-clearfix\">\n\t\t\t\t<p>Beim Schreiben Deiner wissenschaftlichen Arbeit klemmt es?&nbsp;<\/p>\n<p>Wenn Du den Eindruck hast, dass Du mit wenigen Stunden gezielter Hilfe und geballten Informationen vom Profi alles wieder ins Lot bringen kannst, dann bist Du bei mir genau richtig.<\/p>\n<p>Was ich tue, ist mit einer klassischen Schreibberatung vergleichbar: Dir zuh\u00f6ren und Fragen stellen, Dich auf Stolperstellen hinweisen, die Dir nicht bewusst sind. Wenn Du m\u00f6chtest, gebe ich Dir auch Feedback zu Deinen Textentw\u00fcrfen. Deine Arbeit schreibst Du selbst, und zwar zu 100 Prozent. Ich m\u00f6chte schlie\u00dflich meinen guten Ruf behalten.<\/p>\n<p><b>Wie l\u00e4uft die Einzelberatung ab?<\/b><\/p>\n<p>Du buchst einen Termin oder gleich ein ganzes Paket. Schreibe mir einfach eine Mail an <a href=\"mailto:andrea.klein@wissenschaftliches-arbeiten-lehren.de\">andrea.klein@wissenschaftliches-arbeiten-lehren.de<\/a> und schildere mir, welche Frage Dich gerade umtreibt. Ich melde mich schnellm\u00f6glich (in der Regel am n\u00e4chsten Arbeitstag) bei Dir.<\/p>\n<div class=\"entry-content\">\n<div class=\"elementor elementor-850\" data-elementor-type=\"wp-page\" data-elementor-id=\"850\">\n<div class=\"elementor-inner\">\n<div class=\"elementor-section-wrap\">\n<section class=\"elementor-section elementor-top-section elementor-element elementor-element-7decc5c elementor-section-boxed elementor-section-height-default elementor-section-height-default\" data-id=\"7decc5c\" data-element_type=\"section\">\n<div class=\"elementor-container elementor-column-gap-default\">\n<div class=\"elementor-row\">\n<div class=\"elementor-column elementor-col-100 elementor-top-column elementor-element elementor-element-48f6b33\" data-id=\"48f6b33\" data-element_type=\"column\">\n<div class=\"elementor-column-wrap elementor-element-populated\">\n<div class=\"elementor-widget-wrap\">\n<div class=\"elementor-element elementor-element-2f14123 elementor-widget elementor-widget-text-editor\" data-id=\"2f14123\" data-element_type=\"widget\" data-widget_type=\"text-editor.default\">\n<div class=\"elementor-widget-container\">\n<div class=\"elementor-text-editor elementor-clearfix\">\n<p><b>Du willst erst einmal wissen, was Du daf\u00fcr bezahlst? <br><\/b><\/p>\n<p>Nat\u00fcrlich darfst Du das erfahren: Eine Coaching-Stunde \u00e0 45 Minuten kostet f\u00fcr Studierende 119 Euro. Das Studierenden-Paket mit 5 Stunden ist f\u00fcr 535 Euro erh\u00e4ltlich. \u2003<\/p>\n<p>Gemeinsam finden wir heraus, ob eine Stunde oder ein Paket besser zu Deinen Fragen passt.<\/p>\n<\/div>\n<\/div>\n<\/div>\n<\/div>\n<\/div>\n<\/div>\n<\/div>\n<\/div>\n<\/section>\n<\/div>\n<\/div>\n<\/div>\n<\/div>\t\t\t\t\t<\/div>\n\t\t\t\t\t\t<\/div>\n\t\t\t\t<\/div>\n\t\t\t\t\t\t<\/div>\n\t\t\t\t\t<\/div>\n\t\t<\/div>\n\t\t\t\t\t\t\t\t<\/div>\n\t\t\t\t\t<\/div>\n\t\t<\/section>\n\t\t\t\t<section class=\"elementor-section elementor-top-section elementor-element elementor-element-c021458 elementor-section-boxed elementor-section-height-default elementor-section-height-default\" data-id=\"c021458\" data-element_type=\"section\">\n\t\t\t\t\t\t<div class=\"elementor-container elementor-column-gap-default\">\n\t\t\t\t\t\t\t<div class=\"elementor-row\">\n\t\t\t\t\t<div class=\"elementor-column elementor-col-100 elementor-top-column elementor-element elementor-element-f3d342b\" data-id=\"f3d342b\" data-element_type=\"column\">\n\t\t\t<div class=\"elementor-column-wrap elementor-element-populated\">\n\t\t\t\t\t\t\t<div class=\"elementor-widget-wrap\">\n\t\t\t\t\t\t<div class=\"elementor-element elementor-element-8d163a4 elementor-widget elementor-widget-image\" data-id=\"8d163a4\" data-element_type=\"widget\" data-widget_type=\"image.default\">\n\t\t\t\t<div class=\"elementor-widget-container\">\n\t\t\t\t\t\t\t\t<div class=\"elementor-image\">\n\t\t\t\t\t\t\t\t\t\t\t\t\t<a href=\"https:\/\/www.perfectible.de\/\">\n\t\t\t\t\t\t\t<img decoding=\"async\" width=\"150\" height=\"150\" src=\"https:\/\/www.perfectible.de\/wp-content\/uploads\/2020\/09\/Logo_ohne-alles-150x150.png\" class=\"attachment-thumbnail size-thumbnail\" alt=\"perfectible Logo\" loading=\"lazy\" \/>\t\t\t\t\t\t\t\t<\/a>\n\t\t\t\t\t\t\t\t\t\t\t\t\t\t<\/div>\n\t\t\t\t\t\t<\/div>\n\t\t\t\t<\/div>\n\t\t\t\t\t\t<\/div>\n\t\t\t\t\t<\/div>\n\t\t<\/div>\n\t\t\t\t\t\t\t\t<\/div>\n\t\t\t\t\t<\/div>\n\t\t<\/section>\n\t\t\t\t\t\t\t\t\t<\/div>\n\t\t\t<\/div>\n\t\t\t\t\t<\/div>\n\t\t","protected":false},"excerpt":{"rendered":"<p>Beim Schreiben Deiner wissenschaftlichen Arbeit klemmt es?&nbsp; Wenn Du den Eindruck hast, dass Du mit wenigen Stunden gezielter Hilfe und geballten Informationen vom Profi alles wieder ins Lot bringen kannst, dann bist Du bei mir genau richtig. Was ich tue, ist mit einer klassischen Schreibberatung vergleichbar: Dir zuh\u00f6ren und Fragen stellen, Dich auf Stolperstellen hinweisen, [&hellip;]<\/p>\n","protected":false},"author":2,"featured_media":0,"parent":0,"menu_order":0,"comment_status":"closed","ping_status":"closed","template":"","meta":[],"yoast_head":"<!-- This site is optimized with the Yoast SEO plugin v20.12 - https:\/\/yoast.com\/wordpress\/plugins\/seo\/ -->\n<title>Einzelberatung - perfectible Dr. Andrea Klein<\/title>\n<meta name=\"robots\" content=\"index, follow, max-snippet:-1, max-image-preview:large, max-video-preview:-1\" \/>\n<link rel=\"canonical\" href=\"https:\/\/www.perfectible.de\/index.php\/einzelberatung\/\" \/>\n<meta property=\"og:locale\" content=\"de_DE\" \/>\n<meta property=\"og:type\" content=\"article\" \/>\n<meta property=\"og:title\" content=\"Einzelberatung - perfectible Dr. Andrea Klein\" \/>\n<meta property=\"og:description\" content=\"Beim Schreiben Deiner wissenschaftlichen Arbeit klemmt es?&nbsp; Wenn Du den Eindruck hast, dass Du mit wenigen Stunden gezielter Hilfe und geballten Informationen vom Profi alles wieder ins Lot bringen kannst, dann bist Du bei mir genau richtig. Was ich tue, ist mit einer klassischen Schreibberatung vergleichbar: Dir zuh\u00f6ren und Fragen stellen, Dich auf Stolperstellen hinweisen, [&hellip;]\" \/>\n<meta property=\"og:url\" content=\"https:\/\/www.perfectible.de\/index.php\/einzelberatung\/\" \/>\n<meta property=\"og:site_name\" content=\"perfectible Dr. Andrea Klein\" \/>\n<meta property=\"article:modified_time\" content=\"2025-11-27T10:36:48+00:00\" \/>\n<meta property=\"og:image\" content=\"https:\/\/www.perfectible.de\/wp-content\/uploads\/2020\/09\/Logo_ohne-alles-150x150.png\" \/>\n<meta name=\"twitter:card\" content=\"summary_large_image\" \/>\n<meta name=\"twitter:label1\" content=\"Gesch\u00e4tzte Lesezeit\" \/>\n\t<meta name=\"twitter:data1\" content=\"2\u00a0Minuten\" \/>\n<script type=\"application\/ld+json\" class=\"yoast-schema-graph\">{\"@context\":\"https:\/\/schema.org\",\"@graph\":[{\"@type\":\"WebPage\",\"@id\":\"https:\/\/www.perfectible.de\/index.php\/einzelberatung\/\",\"url\":\"https:\/\/www.perfectible.de\/index.php\/einzelberatung\/\",\"name\":\"Einzelberatung - perfectible Dr. Andrea Klein\",\"isPartOf\":{\"@id\":\"https:\/\/www.perfectible.de\/#website\"},\"datePublished\":\"2020-05-17T17:54:44+00:00\",\"dateModified\":\"2025-11-27T10:36:48+00:00\",\"breadcrumb\":{\"@id\":\"https:\/\/www.perfectible.de\/index.php\/einzelberatung\/#breadcrumb\"},\"inLanguage\":\"de\",\"potentialAction\":[{\"@type\":\"ReadAction\",\"target\":[\"https:\/\/www.perfectible.de\/index.php\/einzelberatung\/\"]}]},{\"@type\":\"BreadcrumbList\",\"@id\":\"https:\/\/www.perfectible.de\/index.php\/einzelberatung\/#breadcrumb\",\"itemListElement\":[{\"@type\":\"ListItem\",\"position\":1,\"name\":\"Startseite\",\"item\":\"https:\/\/www.perfectible.de\/\"},{\"@type\":\"ListItem\",\"position\":2,\"name\":\"Einzelberatung\"}]},{\"@type\":\"WebSite\",\"@id\":\"https:\/\/www.perfectible.de\/#website\",\"url\":\"https:\/\/www.perfectible.de\/\",\"name\":\"perfectible Dr. Andrea Klein\",\"description\":\"\",\"potentialAction\":[{\"@type\":\"SearchAction\",\"target\":{\"@type\":\"EntryPoint\",\"urlTemplate\":\"https:\/\/www.perfectible.de\/?s={search_term_string}\"},\"query-input\":\"required name=search_term_string\"}],\"inLanguage\":\"de\"}]}<\/script>\n<!-- \/ Yoast SEO plugin. -->","yoast_head_json":{"title":"Einzelberatung - perfectible Dr. Andrea Klein","robots":{"index":"index","follow":"follow","max-snippet":"max-snippet:-1","max-image-preview":"max-image-preview:large","max-video-preview":"max-video-preview:-1"},"canonical":"https:\/\/www.perfectible.de\/index.php\/einzelberatung\/","og_locale":"de_DE","og_type":"article","og_title":"Einzelberatung - perfectible Dr. Andrea Klein","og_description":"Beim Schreiben Deiner wissenschaftlichen Arbeit klemmt es?&nbsp; Wenn Du den Eindruck hast, dass Du mit wenigen Stunden gezielter Hilfe und geballten Informationen vom Profi alles wieder ins Lot bringen kannst, dann bist Du bei mir genau richtig. Was ich tue, ist mit einer klassischen Schreibberatung vergleichbar: Dir zuh\u00f6ren und Fragen stellen, Dich auf Stolperstellen hinweisen, [&hellip;]","og_url":"https:\/\/www.perfectible.de\/index.php\/einzelberatung\/","og_site_name":"perfectible Dr. Andrea Klein","article_modified_time":"2025-11-27T10:36:48+00:00","og_image":[{"url":"https:\/\/www.perfectible.de\/wp-content\/uploads\/2020\/09\/Logo_ohne-alles-150x150.png"}],"twitter_card":"summary_large_image","twitter_misc":{"Gesch\u00e4tzte Lesezeit":"2\u00a0Minuten"},"schema":{"@context":"https:\/\/schema.org","@graph":[{"@type":"WebPage","@id":"https:\/\/www.perfectible.de\/index.php\/einzelberatung\/","url":"https:\/\/www.perfectible.de\/index.php\/einzelberatung\/","name":"Einzelberatung - perfectible Dr. Andrea Klein","isPartOf":{"@id":"https:\/\/www.perfectible.de\/#website"},"datePublished":"2020-05-17T17:54:44+00:00","dateModified":"2025-11-27T10:36:48+00:00","breadcrumb":{"@id":"https:\/\/www.perfectible.de\/index.php\/einzelberatung\/#breadcrumb"},"inLanguage":"de","potentialAction":[{"@type":"ReadAction","target":["https:\/\/www.perfectible.de\/index.php\/einzelberatung\/"]}]},{"@type":"BreadcrumbList","@id":"https:\/\/www.perfectible.de\/index.php\/einzelberatung\/#breadcrumb","itemListElement":[{"@type":"ListItem","position":1,"name":"Startseite","item":"https:\/\/www.perfectible.de\/"},{"@type":"ListItem","position":2,"name":"Einzelberatung"}]},{"@type":"WebSite","@id":"https:\/\/www.perfectible.de\/#website","url":"https:\/\/www.perfectible.de\/","name":"perfectible Dr. Andrea Klein","description":"","potentialAction":[{"@type":"SearchAction","target":{"@type":"EntryPoint","urlTemplate":"https:\/\/www.perfectible.de\/?s={search_term_string}"},"query-input":"required name=search_term_string"}],"inLanguage":"de"}]}},"_links":{"self":[{"href":"https:\/\/www.perfectible.de\/index.php\/wp-json\/wp\/v2\/pages\/340"}],"collection":[{"href":"https:\/\/www.perfectible.de\/index.php\/wp-json\/wp\/v2\/pages"}],"about":[{"href":"https:\/\/www.perfectible.de\/index.php\/wp-json\/wp\/v2\/types\/page"}],"author":[{"embeddable":true,"href":"https:\/\/www.perfectible.de\/index.php\/wp-json\/wp\/v2\/users\/2"}],"replies":[{"embeddable":true,"href":"https:\/\/www.perfectible.de\/index.php\/wp-json\/wp\/v2\/comments?post=340"}],"version-history":[{"count":12,"href":"https:\/\/www.perfectible.de\/index.php\/wp-json\/wp\/v2\/pages\/340\/revisions"}],"predecessor-version":[{"id":1506,"href":"https:\/\/www.perfectible.de\/index.php\/wp-json\/wp\/v2\/pages\/340\/revisions\/1506"}],"wp:attachment":[{"href":"https:\/\/www.perfectible.de\/index.php\/wp-json\/wp\/v2\/media?parent=340"}],"curies":[{"name":"wp","href":"https:\/\/api.w.org\/{rel}","templated":true}]}}