{"id":1257,"date":"2023-02-10T11:28:09","date_gmt":"2023-02-10T10:28:09","guid":{"rendered":"https:\/\/www.perfectible.de\/?page_id=1257"},"modified":"2025-11-27T11:55:03","modified_gmt":"2025-11-27T10:55:03","slug":"netzwerke","status":"publish","type":"page","link":"https:\/\/www.perfectible.de\/index.php\/netzwerke\/","title":{"rendered":"Netzwerke"},"content":{"rendered":"\t\t<div data-elementor-type=\"wp-page\" data-elementor-id=\"1257\" class=\"elementor elementor-1257\">\n\t\t\t\t\t\t<div class=\"elementor-inner\">\n\t\t\t\t<div class=\"elementor-section-wrap\">\n\t\t\t\t\t\t\t\t\t<section class=\"elementor-section elementor-top-section elementor-element elementor-element-7bac7e32 elementor-section-boxed elementor-section-height-default elementor-section-height-default\" data-id=\"7bac7e32\" data-element_type=\"section\">\n\t\t\t\t\t\t<div class=\"elementor-container elementor-column-gap-default\">\n\t\t\t\t\t\t\t<div class=\"elementor-row\">\n\t\t\t\t\t<div class=\"elementor-column elementor-col-100 elementor-top-column elementor-element elementor-element-4cfa947a\" data-id=\"4cfa947a\" data-element_type=\"column\">\n\t\t\t<div class=\"elementor-column-wrap elementor-element-populated\">\n\t\t\t\t\t\t\t<div class=\"elementor-widget-wrap\">\n\t\t\t\t\t\t<div class=\"elementor-element elementor-element-666df51c elementor-widget elementor-widget-text-editor\" data-id=\"666df51c\" data-element_type=\"widget\" data-widget_type=\"text-editor.default\">\n\t\t\t\t<div class=\"elementor-widget-container\">\n\t\t\t\t\t\t\t\t<div class=\"elementor-text-editor elementor-clearfix\">\n\t\t\t\t<p><!-- wp:heading --><\/p>\n<h2><strong>Promoting Academic Research and Writing &#8211; an International Network e.V.<\/strong> (<a href=\"http:\/\/www.parw-in.de\" target=\"_blank\" rel=\"noreferrer noopener\">PARWIN<\/a>)<\/h2>\n<p><!-- \/wp:heading --><\/p>\n<p><!-- wp:paragraph --><\/p>\n<p><em>Vorstand<\/em><\/p>\n<p><!-- \/wp:paragraph --><\/p>\n<p><!-- wp:paragraph --><\/p>\n<p>Gemeinsam mit Johanna Gr\u00f6pler und Ute Schl\u00fcter-K\u00f6chling bilde ich den Vorstand des Vereins PARWIN e.V., den wir aus dem Netzwerk &#8222;Wissenschaftliches Arbeiten lehren und lernen&#8220; heraus im Oktober 2022 gegr\u00fcndet haben. Unser Anliegen: wissenschaftliches Arbeiten f\u00f6rdern!<\/p>\n<p><!-- \/wp:paragraph --><\/p>\n<p><!-- wp:paragraph --><\/p>\n<p>Ein aktuelles Arbeitsfeld ist der <a href=\"http:\/\/parw-in.de\/referenzrahmen-wisar\/\" target=\"_blank\" rel=\"noreferrer noopener\">Referenzrahmen f\u00fcr wissenschaftliches Arbeiten, WISAR<\/a>.<\/p>\n<p><!-- \/wp:paragraph --><\/p>\n<p><!-- wp:spacer {\"height\":\"50px\"} --><\/p>\n<div class=\"wp-block-spacer\" style=\"height: 50px;\" aria-hidden=\"true\">.<\/div>\n<p><!-- \/wp:spacer --><\/p>\n<p><!-- wp:heading --><\/p>\n<div class=\"hZw32 css-q2nxa6\">\n<div class=\"Rv3Pj\">\n<div class=\"sTtmz\" data-testid=\"static-text-element\">\n<div class=\"css-1yq2r2g KNvh9\">\n<div class=\"\">\n<h2><strong>Virtuelles Kompetenzzentrum: K\u00fcnstliche Intelligenz in Bildung, Wissenschaft &amp; Arbeitswelt<\/strong><\/h2>\n<\/div>\n<\/div>\n<\/div>\n<\/div>\n<\/div>\n<h2>(<a href=\"https:\/\/www.vkkiwa.de\/\" target=\"_blank\" rel=\"noreferrer noopener\">VK:KIWA<\/a>)<\/h2>\n<p><!-- \/wp:heading --><\/p>\n<p><!-- wp:paragraph --><\/p>\n<p><em>Mitglied im Leitungsteam<\/em><\/p>\n<p><!-- \/wp:paragraph --><\/p>\n<p><!-- wp:paragraph --><\/p>\n<p>Seit der Gr\u00fcndung des Kompetenzzentrums im September 2022 bin ich Mitglied im <a href=\"https:\/\/www.vkkiwa.de\/mitglieder\/kernteam\/\" target=\"_blank\" rel=\"noreferrer noopener\">Kernteam<\/a>\u00a0und seit Oktober 2025 Mitglied im Leitungsteam. Doch mein Interesse an KI im Zusammenhang mit wissenschaftlichem Arbeiten war schon lange zuvor geweckt, als mir Prof. Dr. Doris We\u00dfels in einem Telefonat die neu entstehenden technischen M\u00f6glichkeiten schilderte. In der KI-Gruppe des Netzwerks &#8222;Wissenschaftliches Arbeiten lehren und lernen&#8220;, die nun Teil des Kompetenzzentrum ist, f\u00fchrten wir anregende Diskussionen \u00fcber das Zusammenspiel von Mensch und Maschine. Daraus entstand u.a. <a href=\"https:\/\/files.wbg-wissenverbindet.de\/Files\/Article\/ARTK_ZOA_1025976_0002.pdf\" target=\"_blank\" rel=\"noreferrer noopener\">eine Publikation zu KI und akademischer Integrit\u00e4t<\/a>.<\/p>\n<p><!-- \/wp:paragraph --><\/p>\n<p><!-- wp:spacer {\"height\":\"50px\"} --><\/p>\n<div class=\"wp-block-spacer\" style=\"height: 50px;\" aria-hidden=\"true\">\u00a0<\/div>\n<p><!-- \/wp:spacer --><\/p>\n<p><!-- wp:heading --><\/p>\n<h2><strong>Hochschule f\u00fcr agile Bildung<\/strong> (<a href=\"https:\/\/hfab.ch\/\" target=\"_blank\" rel=\"noreferrer noopener\">HfaB<\/a>)<\/h2>\n<p><!-- \/wp:heading --><\/p>\n<p><!-- wp:paragraph --><\/p>\n<p><em>Team Forschung im Projekt &#8222;Pers\u00f6nlichkeitsentwicklung&#8220;, Board &#8222;Forschungsethik&#8220;<\/em><\/p>\n<p><!-- \/wp:paragraph --><\/p>\n<p><!-- wp:paragraph --><\/p>\n<p>Die Besch\u00e4ftigung mit entwicklungsorientierter Bildung zieht mich an die HfaB und zu ihrem <a href=\"https:\/\/hfab.ch\/#team\" target=\"_blank\" rel=\"noreferrer noopener\">Team<\/a>. Dort wirke ich in einem Forschungsprojekt zu Pers\u00f6nlichkeitsentwicklung mit und bin Mitglied des Boards &#8222;Forschungsethik&#8220;. Fr\u00fcchte dieser Zusammenarbeit sind u.a. die Sammelb\u00e4nde zu Entwicklungsorientierter Bildung, die im Beltz Verlag erschienen sind und noch erscheinen werden.<\/p>\n<p><!-- \/wp:paragraph --><\/p>\n<p><!-- wp:spacer {\"height\":\"50px\"} --><\/p>\n<div class=\"wp-block-spacer\" style=\"height: 50px;\" aria-hidden=\"true\">\u00a0<\/div>\n<p><!-- \/wp:spacer --><\/p>\n<p><!-- wp:paragraph --><\/p>\n<p><!-- \/wp:paragraph --><\/p>\n<p><!-- wp:heading --><\/p>\n<h2><strong>Gesellschaft f\u00fcr Schreibdidaktik und Schreibforschung e.V.<\/strong> (<a href=\"https:\/\/gefsus.de\/\" target=\"_blank\" rel=\"noreferrer noopener\">gefsus<\/a>)<\/h2>\n<p><!-- \/wp:heading --><\/p>\n<p><!-- wp:paragraph --><\/p>\n<p><em>Mitglied der SIG Forschung<\/em><\/p>\n<p><!-- \/wp:paragraph --><\/p>\n<p><!-- wp:paragraph --><\/p>\n<p>In der gefsus habe ich eine Gemeinschaft Gleichgesinnter getroffen, die sich f\u00fcr die F\u00f6rderung des wissenschaftlichen Schreibens einsetzen, und zwar sowohl aus didaktischer Perspektive als auch mit dem forschenden Blick. Den Austausch in der SIG Schreibforschung sch\u00e4tze ich sehr.<\/p>\n<p><!-- \/wp:paragraph --><\/p>\n<p><!-- wp:paragraph --><\/p>\n<p>Ich bin Mit-Autorin des Positionspapiers <a href=\"https:\/\/gefsus.de\/\" target=\"_blank\" rel=\"noreferrer noopener\">&#8222;Schreibkompetenz im Studium&#8220;<\/a> (Positionspapier 2022).<\/p>\n<p><!-- \/wp:paragraph --><\/p>\n<p><!-- wp:spacer {\"height\":\"50px\"} --><\/p>\n<div class=\"wp-block-spacer\" style=\"height: 50px;\" aria-hidden=\"true\">\u00a0<\/div>\n<p><!-- \/wp:spacer --><\/p>\n<p><!-- wp:heading --><\/p>\n<h2><strong>European Association for the Teaching of Academic Writing<\/strong> <strong>(<a href=\"https:\/\/www.eataw.eu\/\" target=\"_blank\" rel=\"noreferrer noopener\">EATAW<\/a><\/strong>)<\/h2>\n<p><!-- \/wp:heading --><\/p>\n<p><!-- wp:paragraph --><\/p>\n<p><em>Mitglied<\/em><\/p>\n<p><!-- \/wp:paragraph --><\/p>\n<p><!-- wp:paragraph --><\/p>\n<p>\u00c4hnlich der gefsus findet hier auf internationaler Ebene ein Austausch zu Fragen der Schreibdidaktik und Schreibforschung statt, insbesondere auf den zweij\u00e4hrlichen Konferenzen.<\/p>\n<p><!-- \/wp:paragraph --><\/p>\t\t\t\t\t<\/div>\n\t\t\t\t\t\t<\/div>\n\t\t\t\t<\/div>\n\t\t\t\t\t\t<\/div>\n\t\t\t\t\t<\/div>\n\t\t<\/div>\n\t\t\t\t\t\t\t\t<\/div>\n\t\t\t\t\t<\/div>\n\t\t<\/section>\n\t\t\t\t\t\t\t\t\t<\/div>\n\t\t\t<\/div>\n\t\t\t\t\t<\/div>\n\t\t","protected":false},"excerpt":{"rendered":"<p>Promoting Academic Research and Writing &#8211; an International Network e.V. (PARWIN) Vorstand Gemeinsam mit Johanna Gr\u00f6pler und Ute Schl\u00fcter-K\u00f6chling bilde ich den Vorstand des Vereins PARWIN e.V., den wir aus dem Netzwerk &#8222;Wissenschaftliches Arbeiten lehren und lernen&#8220; heraus im Oktober 2022 gegr\u00fcndet haben. Unser Anliegen: wissenschaftliches Arbeiten f\u00f6rdern! Ein aktuelles Arbeitsfeld ist der Referenzrahmen f\u00fcr [&hellip;]<\/p>\n","protected":false},"author":1,"featured_media":0,"parent":0,"menu_order":0,"comment_status":"closed","ping_status":"closed","template":"","meta":[],"yoast_head":"<!-- This site is optimized with the Yoast SEO plugin v20.12 - https:\/\/yoast.com\/wordpress\/plugins\/seo\/ -->\n<title>Netzwerke - perfectible Dr. Andrea Klein<\/title>\n<meta name=\"robots\" content=\"index, follow, max-snippet:-1, max-image-preview:large, max-video-preview:-1\" \/>\n<link rel=\"canonical\" href=\"https:\/\/www.perfectible.de\/index.php\/netzwerke\/\" \/>\n<meta property=\"og:locale\" content=\"de_DE\" \/>\n<meta property=\"og:type\" content=\"article\" \/>\n<meta property=\"og:title\" content=\"Netzwerke - perfectible Dr. Andrea Klein\" \/>\n<meta property=\"og:description\" content=\"Promoting Academic Research and Writing &#8211; an International Network e.V. (PARWIN) Vorstand Gemeinsam mit Johanna Gr\u00f6pler und Ute Schl\u00fcter-K\u00f6chling bilde ich den Vorstand des Vereins PARWIN e.V., den wir aus dem Netzwerk &#8222;Wissenschaftliches Arbeiten lehren und lernen&#8220; heraus im Oktober 2022 gegr\u00fcndet haben. Unser Anliegen: wissenschaftliches Arbeiten f\u00f6rdern! Ein aktuelles Arbeitsfeld ist der Referenzrahmen f\u00fcr [&hellip;]\" \/>\n<meta property=\"og:url\" content=\"https:\/\/www.perfectible.de\/index.php\/netzwerke\/\" \/>\n<meta property=\"og:site_name\" content=\"perfectible Dr. Andrea Klein\" \/>\n<meta property=\"article:modified_time\" content=\"2025-11-27T10:55:03+00:00\" \/>\n<meta name=\"twitter:card\" content=\"summary_large_image\" \/>\n<meta name=\"twitter:label1\" content=\"Gesch\u00e4tzte Lesezeit\" \/>\n\t<meta name=\"twitter:data1\" content=\"2\u00a0Minuten\" \/>\n<script type=\"application\/ld+json\" class=\"yoast-schema-graph\">{\"@context\":\"https:\/\/schema.org\",\"@graph\":[{\"@type\":\"WebPage\",\"@id\":\"https:\/\/www.perfectible.de\/index.php\/netzwerke\/\",\"url\":\"https:\/\/www.perfectible.de\/index.php\/netzwerke\/\",\"name\":\"Netzwerke - perfectible Dr. Andrea Klein\",\"isPartOf\":{\"@id\":\"https:\/\/www.perfectible.de\/#website\"},\"datePublished\":\"2023-02-10T10:28:09+00:00\",\"dateModified\":\"2025-11-27T10:55:03+00:00\",\"breadcrumb\":{\"@id\":\"https:\/\/www.perfectible.de\/index.php\/netzwerke\/#breadcrumb\"},\"inLanguage\":\"de\",\"potentialAction\":[{\"@type\":\"ReadAction\",\"target\":[\"https:\/\/www.perfectible.de\/index.php\/netzwerke\/\"]}]},{\"@type\":\"BreadcrumbList\",\"@id\":\"https:\/\/www.perfectible.de\/index.php\/netzwerke\/#breadcrumb\",\"itemListElement\":[{\"@type\":\"ListItem\",\"position\":1,\"name\":\"Startseite\",\"item\":\"https:\/\/www.perfectible.de\/\"},{\"@type\":\"ListItem\",\"position\":2,\"name\":\"Netzwerke\"}]},{\"@type\":\"WebSite\",\"@id\":\"https:\/\/www.perfectible.de\/#website\",\"url\":\"https:\/\/www.perfectible.de\/\",\"name\":\"perfectible Dr. Andrea Klein\",\"description\":\"\",\"potentialAction\":[{\"@type\":\"SearchAction\",\"target\":{\"@type\":\"EntryPoint\",\"urlTemplate\":\"https:\/\/www.perfectible.de\/?s={search_term_string}\"},\"query-input\":\"required name=search_term_string\"}],\"inLanguage\":\"de\"}]}<\/script>\n<!-- \/ Yoast SEO plugin. -->","yoast_head_json":{"title":"Netzwerke - perfectible Dr. Andrea Klein","robots":{"index":"index","follow":"follow","max-snippet":"max-snippet:-1","max-image-preview":"max-image-preview:large","max-video-preview":"max-video-preview:-1"},"canonical":"https:\/\/www.perfectible.de\/index.php\/netzwerke\/","og_locale":"de_DE","og_type":"article","og_title":"Netzwerke - perfectible Dr. Andrea Klein","og_description":"Promoting Academic Research and Writing &#8211; an International Network e.V. (PARWIN) Vorstand Gemeinsam mit Johanna Gr\u00f6pler und Ute Schl\u00fcter-K\u00f6chling bilde ich den Vorstand des Vereins PARWIN e.V., den wir aus dem Netzwerk &#8222;Wissenschaftliches Arbeiten lehren und lernen&#8220; heraus im Oktober 2022 gegr\u00fcndet haben. Unser Anliegen: wissenschaftliches Arbeiten f\u00f6rdern! Ein aktuelles Arbeitsfeld ist der Referenzrahmen f\u00fcr [&hellip;]","og_url":"https:\/\/www.perfectible.de\/index.php\/netzwerke\/","og_site_name":"perfectible Dr. Andrea Klein","article_modified_time":"2025-11-27T10:55:03+00:00","twitter_card":"summary_large_image","twitter_misc":{"Gesch\u00e4tzte Lesezeit":"2\u00a0Minuten"},"schema":{"@context":"https:\/\/schema.org","@graph":[{"@type":"WebPage","@id":"https:\/\/www.perfectible.de\/index.php\/netzwerke\/","url":"https:\/\/www.perfectible.de\/index.php\/netzwerke\/","name":"Netzwerke - perfectible Dr. Andrea Klein","isPartOf":{"@id":"https:\/\/www.perfectible.de\/#website"},"datePublished":"2023-02-10T10:28:09+00:00","dateModified":"2025-11-27T10:55:03+00:00","breadcrumb":{"@id":"https:\/\/www.perfectible.de\/index.php\/netzwerke\/#breadcrumb"},"inLanguage":"de","potentialAction":[{"@type":"ReadAction","target":["https:\/\/www.perfectible.de\/index.php\/netzwerke\/"]}]},{"@type":"BreadcrumbList","@id":"https:\/\/www.perfectible.de\/index.php\/netzwerke\/#breadcrumb","itemListElement":[{"@type":"ListItem","position":1,"name":"Startseite","item":"https:\/\/www.perfectible.de\/"},{"@type":"ListItem","position":2,"name":"Netzwerke"}]},{"@type":"WebSite","@id":"https:\/\/www.perfectible.de\/#website","url":"https:\/\/www.perfectible.de\/","name":"perfectible Dr. Andrea Klein","description":"","potentialAction":[{"@type":"SearchAction","target":{"@type":"EntryPoint","urlTemplate":"https:\/\/www.perfectible.de\/?s={search_term_string}"},"query-input":"required name=search_term_string"}],"inLanguage":"de"}]}},"_links":{"self":[{"href":"https:\/\/www.perfectible.de\/index.php\/wp-json\/wp\/v2\/pages\/1257"}],"collection":[{"href":"https:\/\/www.perfectible.de\/index.php\/wp-json\/wp\/v2\/pages"}],"about":[{"href":"https:\/\/www.perfectible.de\/index.php\/wp-json\/wp\/v2\/types\/page"}],"author":[{"embeddable":true,"href":"https:\/\/www.perfectible.de\/index.php\/wp-json\/wp\/v2\/users\/1"}],"replies":[{"embeddable":true,"href":"https:\/\/www.perfectible.de\/index.php\/wp-json\/wp\/v2\/comments?post=1257"}],"version-history":[{"count":29,"href":"https:\/\/www.perfectible.de\/index.php\/wp-json\/wp\/v2\/pages\/1257\/revisions"}],"predecessor-version":[{"id":1525,"href":"https:\/\/www.perfectible.de\/index.php\/wp-json\/wp\/v2\/pages\/1257\/revisions\/1525"}],"wp:attachment":[{"href":"https:\/\/www.perfectible.de\/index.php\/wp-json\/wp\/v2\/media?parent=1257"}],"curies":[{"name":"wp","href":"https:\/\/api.w.org\/{rel}","templated":true}]}}