{"id":114,"date":"2020-04-25T18:03:51","date_gmt":"2020-04-25T16:03:51","guid":{"rendered":"http:\/\/www.perfectible.de\/?page_id=114"},"modified":"2021-10-13T12:05:17","modified_gmt":"2021-10-13T10:05:17","slug":"mit-mir-arbeiten","status":"publish","type":"page","link":"https:\/\/www.perfectible.de\/index.php\/mit-mir-arbeiten\/","title":{"rendered":"Mit mir arbeiten"},"content":{"rendered":"\n<h1>Mit mir arbeiten<\/h1>\n\n\n\n\n\n<p style=\"font-size:18px\"><p>&nbsp;<\/p>\n<p style=\"font-size: 18px;\">Mehr erfahren: <a href=\"https:\/\/www.perfectible.de\/index.php\/startseite\/hochschulen\/\">Hochschulen<\/a> \/ <a href=\"https:\/\/www.perfectible.de\/index.php\/startseite\/lehrende\/\">Lehrende<\/a> \/ <a href=\"https:\/\/www.perfectible.de\/index.php\/startseite\/studierende\/\">Studierende<\/a><\/p><\/p>\n\n\n\n\n\n<p style=\"font-size:18px\">Es gibt viele M\u00f6glichkeiten, unsere Zusammenarbeit zu beginnen.<\/p>\n\n\n\n<p style=\"font-size:18px\">F\u00fcr Hochschulen empfiehlt sich in jedem Fall ein erster Kontakt per E-Mail (<a href=\"mailto:andrea.klein@wissenschaftliches-arbeiten-lehren.de\">andrea.klein@wissenschaftliches-arbeiten-lehren.de<\/a>).<\/p>\n\n\n\n<p style=\"font-size:18px\">Die Formate f\u00fcr <a href=\"https:\/\/www.perfectible.de\/index.php\/startseite\/studierende\/\">Studierende<\/a> und <a href=\"https:\/\/www.perfectible.de\/index.php\/startseite\/lehrende\/\">Lehrende<\/a> lassen sich direkt online buchen. Wenn Sie eine andere Art der Unterst\u00fctzung ben\u00f6tigen, schreiben mich am besten an (<a href=\"mailto:andrea.klein@wissenschaftliches-arbeiten-lehren.de\">andrea.klein@wissenschaftliches-arbeiten-lehren.de<\/a>).<\/p>\n\n\n\n<p style=\"font-size:18px\">Der erste Schritt vor dem Start: Wir vereinbaren, wie unsere Zusammenarbeit laufen soll. Unter den vielen Wegen zum Ziel w\u00e4hlen wir den, der f\u00fcr Sie und Ihre Situation passt. Auch bei Gruppenprogrammen geh\u00f6rt das immer dazu.<\/p>\n\n\n\n<p style=\"font-size:18px\">Ob wir gut miteinander arbeiten, merken wir im Laufe der Zeit. Schauen Sie doch schon einmal in meine Lehrphilosophie oder den Coaching-Ansatz, um sich einen ersten Eindruck zu verschaffen.<\/p>\n\n\n\n\n\n<h2>\u00a0<\/h2>\n<h2>Meine Lehrphilosophie<\/h2>\n\n\n\n\n\n<p class=\"has-medium-font-size\"><p><strong>Menschenbild<\/strong><\/p><\/p>\n\n\n\n<p style=\"font-size:18px\">Als Lernende tragen Sie die volle Verantwortung f\u00fcr sich selbst, Ihren Lernprozess und Ihren individuellen Fortschritt. Sie haben sich \u2013 als Erwachsene und selbstbestimmte Individuen \u2013 daf\u00fcr entschieden, etwas zu lernen und sich weiterentwickeln zu wollen. In meiner Rolle als Dozentin helfe ich Ihnen nach Kr\u00e4ften dabei.<\/p>\n\n\n\n<p class=\"has-medium-font-size\"><p><strong>Werte<\/strong><\/p><\/p>\n\n\n\n<p style=\"font-size:18px\">Das Zulassen von Individualit\u00e4t halte ich f\u00fcr ma\u00dfgeblich f\u00fcr einen gelungenen Lernprozess. Jeder Mensch bringt seine pers\u00f6nlichen Vorlieben mit und darf seinen eigenen Weg gehen. Nur wenn dieser nachweislich nicht funktioniert, suchen wir nach Alternativen. Ich biete Ihnen an, Sie bei Ihrer Entwicklung zu begleiten.<\/p>\n\n\n\n<p style=\"font-size:18px\">Ehrlichkeit und Verl\u00e4sslichkeit sind zwei bedeutsame Werte f\u00fcr mich. Ich w\u00fcnsche mir daher eine offene, vertrauensvolle Kommunikation und Zuverl\u00e4ssigkeit bei Absprachen.<\/p>\n\n\n\n<p class=\"has-medium-font-size\"><p><strong>Verst\u00e4ndnis von Wissen<\/strong><\/p><\/p>\n\n\n\n<p style=\"font-size:18px\">Wissen wird gemeinsam konstruiert; es kann nicht einfach von einem Kopf in den anderen transferiert werden. Wissen wandelt sich zudem und h\u00e4ngt vom Kontext ab. Bei unserem gemeinsamen Lernen d\u00fcrfen alle Beteiligten auch einmal nichts wissen und Fehler machen.<\/p>\n\n\n\n<p>\n<p style=\"font-size: 18px;\">In dieser Gemeinschaft von Lehrenden und Lernenden w\u00fcnsche ich mir kritische Geister und eine Ausgewogenheit von \u201ebelieving game\u201c und \u201edoubting game\u201c. F\u00fcr neue Ideen kann ich mich immer begeistern, ich tausche mich gern mit Ihnen dar\u00fcber aus. Durch das gemeinsame Denken und Kritisieren sch\u00e4rfen wir die Argumentation.<\/p>\n\n\n\n<p class=\"has-medium-font-size\"><p><strong>Lehrmethoden und -setting<\/strong><\/p><\/p>\n\n\n\n<p style=\"font-size:18px\">In der Lehre w\u00e4hle ich die Methoden und das Setting. Ich bitte Sie um Ihr Vertrauen, auch wenn es vielleicht einmal herausfordernd f\u00fcr Sie wird.<\/p>\n\n\n\n<p style=\"font-size:18px\">Gern beginne ich die Veranstaltungen mit einem kurzen Input, an den sich Fragen und Gruppenarbeiten anschlie\u00dfen. Dabei sind mir Feedback und Ergebnissicherung wichtig. Von Zeit zu&nbsp;Zeit lasse ich Sie schreiben, insbesondere zur Reflexion.<\/p>\n\n\n\n<p style=\"font-size:18px\">In meinen Veranstaltungen gibt es Laptops, Smartphones u.\u00e4. nur nach Aufforderung. Ich brauche Sie als aktiven, engagierten und mit allen Sinnen anwesenden Menschen.<\/p>\n\n\n\n<p class=\"has-medium-font-size\"><p><strong>Lehrziel<\/strong><\/p><\/p>\n\n\n\n<p style=\"font-size:18px\">Ich m\u00f6chte Ihnen helfen, Ihre Ziele zu erreichen. Ich m\u00f6chte Ihnen Zug\u00e4nge zu Inhalten und Personen erm\u00f6glichen, so dass Sie Ihre Ideen umsetzen und damit gl\u00e4nzen k\u00f6nnen.<\/p>\n\n\n\n\n\n<h2>Mein Coaching-Ansatz<\/h2>\n\n\n\n<p style=\"font-size:18px\">Coaching ist ergebnisoffen. Das bedeutet, dass wir sowohl Ihre Ziele als auch die L\u00f6sungsm\u00f6glichkeiten gemeinsam erarbeiten und uns auf Augenh\u00f6he begegnen.<br><br>Coaching findet freiwillig und eigenverantwortlich statt.<br><br>Ich arbeite theorie- und methodenplural. Meine Arbeit basiert auf unterschiedlichen Theorien der Humanistischen Psychologie und der Positiven Psychologie sowie verwandter Disziplinen. Ich bediene mich eines breiten Methodenspektrums.<\/p>\n\n\n\n\n\n<ul>\n<li style=\"font-size: 18px;\"><a href=\"https:\/\/www.perfectible.de\/index.php\/startseite\/studierende\/coaching-fuer-studierende\/\">Coaching f\u00fcr Studierende<\/a>\n\n\n\n<\/li>\n<li style=\"font-size: 18px;\"><a href=\"https:\/\/www.perfectible.de\/index.php\/elementor-850\/\">Coaching f\u00fcr Lehrende<\/a>\n\n\n\n<\/li>\n<\/ul>\n\n\n\n<p style=\"font-size:18px\"><p>&nbsp;<\/p>\n<p style=\"font-size: 18px;\">Schreiben Sie mir an <a href=\"mailto:andrea.klein@wissenschaftliches-arbeiten-lehren.de\">andrea.klein@wissenschaftliches-arbeiten-lehren.de<\/a><\/p><\/p>\n\n\n\n<div class=\"wp-block-button\"><a class=\"wp-block-button__link has-background has-vivid-red-background-color\" href=\"http:\/\/www.perfectible.de\">HOME<\/a><\/div>\n\n\n<p><a href=\"https:\/\/www.perfectible.de\/\"><br>\n\t\t\t\t\t\t\t<img decoding=\"async\" src=\"https:\/\/www.perfectible.de\/wp-content\/uploads\/2020\/09\/Logo_ohne-alles-150x150.png\" alt=\"\" loading=\"lazy\" width=\"150\" height=\"150\">\t\t\t\t\t\t\t\t<\/a><\/p>","protected":false},"excerpt":{"rendered":"<p>Mit mir arbeiten &nbsp; Mehr erfahren: Hochschulen \/ Lehrende \/ Studierende Es gibt viele M\u00f6glichkeiten, unsere Zusammenarbeit zu beginnen. F\u00fcr Hochschulen empfiehlt sich in jedem Fall ein erster Kontakt per E-Mail (andrea.klein@wissenschaftliches-arbeiten-lehren.de). Die Formate f\u00fcr Studierende und Lehrende lassen sich direkt online buchen. Wenn Sie eine andere Art der Unterst\u00fctzung ben\u00f6tigen, schreiben mich am besten [&hellip;]<\/p>\n","protected":false},"author":2,"featured_media":0,"parent":0,"menu_order":0,"comment_status":"closed","ping_status":"closed","template":"elementor_header_footer","meta":[],"yoast_head":"<!-- This site is optimized with the Yoast SEO plugin v20.12 - https:\/\/yoast.com\/wordpress\/plugins\/seo\/ -->\n<title>Mit mir arbeiten - perfectible Dr. Andrea Klein<\/title>\n<meta name=\"robots\" content=\"index, follow, max-snippet:-1, max-image-preview:large, max-video-preview:-1\" \/>\n<link rel=\"canonical\" href=\"https:\/\/www.perfectible.de\/index.php\/mit-mir-arbeiten\/\" \/>\n<meta property=\"og:locale\" content=\"de_DE\" \/>\n<meta property=\"og:type\" content=\"article\" \/>\n<meta property=\"og:title\" content=\"Mit mir arbeiten - perfectible Dr. Andrea Klein\" \/>\n<meta property=\"og:description\" content=\"Mit mir arbeiten &nbsp; Mehr erfahren: Hochschulen \/ Lehrende \/ Studierende Es gibt viele M\u00f6glichkeiten, unsere Zusammenarbeit zu beginnen. F\u00fcr Hochschulen empfiehlt sich in jedem Fall ein erster Kontakt per E-Mail (andrea.klein@wissenschaftliches-arbeiten-lehren.de). Die Formate f\u00fcr Studierende und Lehrende lassen sich direkt online buchen. Wenn Sie eine andere Art der Unterst\u00fctzung ben\u00f6tigen, schreiben mich am besten [&hellip;]\" \/>\n<meta property=\"og:url\" content=\"https:\/\/www.perfectible.de\/index.php\/mit-mir-arbeiten\/\" \/>\n<meta property=\"og:site_name\" content=\"perfectible Dr. Andrea Klein\" \/>\n<meta property=\"article:modified_time\" content=\"2021-10-13T10:05:17+00:00\" \/>\n<meta property=\"og:image\" content=\"https:\/\/www.perfectible.de\/wp-content\/uploads\/2020\/09\/Logo_ohne-alles-150x150.png\" \/>\n<meta name=\"twitter:card\" content=\"summary_large_image\" \/>\n<meta name=\"twitter:label1\" content=\"Gesch\u00e4tzte Lesezeit\" \/>\n\t<meta name=\"twitter:data1\" content=\"3\u00a0Minuten\" \/>\n<script type=\"application\/ld+json\" class=\"yoast-schema-graph\">{\"@context\":\"https:\/\/schema.org\",\"@graph\":[{\"@type\":\"WebPage\",\"@id\":\"https:\/\/www.perfectible.de\/index.php\/mit-mir-arbeiten\/\",\"url\":\"https:\/\/www.perfectible.de\/index.php\/mit-mir-arbeiten\/\",\"name\":\"Mit mir arbeiten - perfectible Dr. Andrea Klein\",\"isPartOf\":{\"@id\":\"https:\/\/www.perfectible.de\/#website\"},\"datePublished\":\"2020-04-25T16:03:51+00:00\",\"dateModified\":\"2021-10-13T10:05:17+00:00\",\"breadcrumb\":{\"@id\":\"https:\/\/www.perfectible.de\/index.php\/mit-mir-arbeiten\/#breadcrumb\"},\"inLanguage\":\"de\",\"potentialAction\":[{\"@type\":\"ReadAction\",\"target\":[\"https:\/\/www.perfectible.de\/index.php\/mit-mir-arbeiten\/\"]}]},{\"@type\":\"BreadcrumbList\",\"@id\":\"https:\/\/www.perfectible.de\/index.php\/mit-mir-arbeiten\/#breadcrumb\",\"itemListElement\":[{\"@type\":\"ListItem\",\"position\":1,\"name\":\"Startseite\",\"item\":\"https:\/\/www.perfectible.de\/\"},{\"@type\":\"ListItem\",\"position\":2,\"name\":\"Mit mir arbeiten\"}]},{\"@type\":\"WebSite\",\"@id\":\"https:\/\/www.perfectible.de\/#website\",\"url\":\"https:\/\/www.perfectible.de\/\",\"name\":\"perfectible Dr. Andrea Klein\",\"description\":\"\",\"potentialAction\":[{\"@type\":\"SearchAction\",\"target\":{\"@type\":\"EntryPoint\",\"urlTemplate\":\"https:\/\/www.perfectible.de\/?s={search_term_string}\"},\"query-input\":\"required name=search_term_string\"}],\"inLanguage\":\"de\"}]}<\/script>\n<!-- \/ Yoast SEO plugin. -->","yoast_head_json":{"title":"Mit mir arbeiten - perfectible Dr. Andrea Klein","robots":{"index":"index","follow":"follow","max-snippet":"max-snippet:-1","max-image-preview":"max-image-preview:large","max-video-preview":"max-video-preview:-1"},"canonical":"https:\/\/www.perfectible.de\/index.php\/mit-mir-arbeiten\/","og_locale":"de_DE","og_type":"article","og_title":"Mit mir arbeiten - perfectible Dr. Andrea Klein","og_description":"Mit mir arbeiten &nbsp; Mehr erfahren: Hochschulen \/ Lehrende \/ Studierende Es gibt viele M\u00f6glichkeiten, unsere Zusammenarbeit zu beginnen. F\u00fcr Hochschulen empfiehlt sich in jedem Fall ein erster Kontakt per E-Mail (andrea.klein@wissenschaftliches-arbeiten-lehren.de). Die Formate f\u00fcr Studierende und Lehrende lassen sich direkt online buchen. Wenn Sie eine andere Art der Unterst\u00fctzung ben\u00f6tigen, schreiben mich am besten [&hellip;]","og_url":"https:\/\/www.perfectible.de\/index.php\/mit-mir-arbeiten\/","og_site_name":"perfectible Dr. Andrea Klein","article_modified_time":"2021-10-13T10:05:17+00:00","og_image":[{"url":"https:\/\/www.perfectible.de\/wp-content\/uploads\/2020\/09\/Logo_ohne-alles-150x150.png"}],"twitter_card":"summary_large_image","twitter_misc":{"Gesch\u00e4tzte Lesezeit":"3\u00a0Minuten"},"schema":{"@context":"https:\/\/schema.org","@graph":[{"@type":"WebPage","@id":"https:\/\/www.perfectible.de\/index.php\/mit-mir-arbeiten\/","url":"https:\/\/www.perfectible.de\/index.php\/mit-mir-arbeiten\/","name":"Mit mir arbeiten - perfectible Dr. Andrea Klein","isPartOf":{"@id":"https:\/\/www.perfectible.de\/#website"},"datePublished":"2020-04-25T16:03:51+00:00","dateModified":"2021-10-13T10:05:17+00:00","breadcrumb":{"@id":"https:\/\/www.perfectible.de\/index.php\/mit-mir-arbeiten\/#breadcrumb"},"inLanguage":"de","potentialAction":[{"@type":"ReadAction","target":["https:\/\/www.perfectible.de\/index.php\/mit-mir-arbeiten\/"]}]},{"@type":"BreadcrumbList","@id":"https:\/\/www.perfectible.de\/index.php\/mit-mir-arbeiten\/#breadcrumb","itemListElement":[{"@type":"ListItem","position":1,"name":"Startseite","item":"https:\/\/www.perfectible.de\/"},{"@type":"ListItem","position":2,"name":"Mit mir arbeiten"}]},{"@type":"WebSite","@id":"https:\/\/www.perfectible.de\/#website","url":"https:\/\/www.perfectible.de\/","name":"perfectible Dr. Andrea Klein","description":"","potentialAction":[{"@type":"SearchAction","target":{"@type":"EntryPoint","urlTemplate":"https:\/\/www.perfectible.de\/?s={search_term_string}"},"query-input":"required name=search_term_string"}],"inLanguage":"de"}]}},"_links":{"self":[{"href":"https:\/\/www.perfectible.de\/index.php\/wp-json\/wp\/v2\/pages\/114"}],"collection":[{"href":"https:\/\/www.perfectible.de\/index.php\/wp-json\/wp\/v2\/pages"}],"about":[{"href":"https:\/\/www.perfectible.de\/index.php\/wp-json\/wp\/v2\/types\/page"}],"author":[{"embeddable":true,"href":"https:\/\/www.perfectible.de\/index.php\/wp-json\/wp\/v2\/users\/2"}],"replies":[{"embeddable":true,"href":"https:\/\/www.perfectible.de\/index.php\/wp-json\/wp\/v2\/comments?post=114"}],"version-history":[{"count":47,"href":"https:\/\/www.perfectible.de\/index.php\/wp-json\/wp\/v2\/pages\/114\/revisions"}],"predecessor-version":[{"id":1017,"href":"https:\/\/www.perfectible.de\/index.php\/wp-json\/wp\/v2\/pages\/114\/revisions\/1017"}],"wp:attachment":[{"href":"https:\/\/www.perfectible.de\/index.php\/wp-json\/wp\/v2\/media?parent=114"}],"curies":[{"name":"wp","href":"https:\/\/api.w.org\/{rel}","templated":true}]}}